{"id":571,"date":"2019-03-25T20:20:32","date_gmt":"2019-03-25T20:20:32","guid":{"rendered":"https:\/\/18.236.192.208\/?page_id=571"},"modified":"2024-02-12T17:44:43","modified_gmt":"2024-02-12T17:44:43","slug":"sixteenth-street-baptist-church-public-memorial-sculpture","status":"publish","type":"page","link":"https:\/\/www.macqueenfineart.com\/fr\/sixteenth-street-baptist-church-public-memorial-sculpture\/","title":{"rendered":"Sixteenth Street Baptist Church Public Memorial Sculpture"},"content":{"rendered":"<div class=\"row quotePanel mid\">\n<div class=\"text-center pt-6 pb-6 pr-md-5 col-md-10 col-lg-8 pl-md-5 mr-auto ml-auto\"><img decoding=\"async\" class=\"mt-0 mb-4 text-center\" src=\"\/media\/loading.gif\">\n<h4 class=\"c1 mb-0 mt-0\">&#8220;A day that moved the conscience of our United&nbsp;States&#8230;&#8221;<\/h4>\n<\/div>\n<\/div>\n<div class=\"bg2\">\n<div class=\"wow fadeIn row panel hero heroSpirits fullScreen relative\" data-wow-duration=\"5s\" data-wow-delay=\"1s\">\n<div id=\"scrollDown\"><a href=\"#slide1\" class=\"scrollDown c8 scrollTrigger tdrops wow flash\" data-wow-duration=\"4s\" data-wow-delay=\"7s\"  data-wow-iteration=\"2\">SCROLL &nbsp;<i class=\"fas fa-chevron-circle-down tdrops\"><\/i> &nbsp;DOWN<\/a><\/div>\n<div class=\"container mid\">\n<div class=\"col-12 col-sm-9 col-md-9 col-lg-8 mr-auto ml-auto pt-5 mt-lg-5\">\n<div class=\"text-center\">\n<h1 class=\"c3 mb-3 mt-0 tdrops formal\">10h22, le 15 September 1963<\/h1>\n<p class=\"c5 pr-md-5 pl-md-5\">Quatre jeunes filles ont \u00e9t\u00e9 tu\u00e9es et de nombreux autres enfants bless\u00e9s dans un attentat \u00e0 la bombe \u00e0 motivation raciste avant les services religieux du dimanche matin \u00e0 Birmingham, en Alabama.\n\n<\/div>\n<\/div>\n<\/div>\n<\/div>\n<\/div>\n<div id=\"slide1\" class=\"style1 row panel panel2 monument\">\n<div class=\"container pt-4 pb-1\">\n<div class=\"col-12 col-sm-11 col-md-10 ml-auto mr-auto\">\n<div class=\"row text-center pt-5\">\n        \n\t\t<style type=\"text\/css\">\n\t\t\t#gallery-1 {\n\t\t\t\tmargin: auto;\n\t\t\t}\n\t\t\t#gallery-1 .gallery-item {\n\t\t\t\tfloat: left;\n\t\t\t\tmargin-top: 10px;\n\t\t\t\ttext-align: center;\n\t\t\t\twidth: 25%;\n\t\t\t}\n\t\t\t#gallery-1 img {\n\t\t\t\tborder: 2px solid #cfcfcf;\n\t\t\t}\n\t\t\t#gallery-1 .gallery-caption {\n\t\t\t\tmargin-left: 0;\n\t\t\t}\n\t\t\t\/* see gallery_shortcode() in wp-includes\/media.php *\/\n\t\t<\/style>\n\t\t<div id='gallery-1' class='gallery galleryid-571 gallery-columns-4 gallery-size-thumbnail'><dl class='gallery-item'>\n\t\t\t<dt class='gallery-icon landscape'>\n\t\t\t\t<a href='https:\/\/www.macqueenfineart.com\/wp-content\/uploads\/2019\/03\/carole-robertson.jpg' title=\"\" data-rl_title=\"\" class=\"rl-gallery-link\" data-rl_caption=\"\" data-rel=\"lightbox-gallery-1\"><img loading=\"lazy\" decoding=\"async\" width=\"225\" height=\"225\" src=\"https:\/\/www.macqueenfineart.com\/wp-content\/uploads\/2019\/03\/carole-robertson-225x225.jpg\" class=\"attachment-thumbnail size-thumbnail\" alt=\"\" srcset=\"https:\/\/www.macqueenfineart.com\/wp-content\/uploads\/2019\/03\/carole-robertson-225x225.jpg 225w, https:\/\/www.macqueenfineart.com\/wp-content\/uploads\/2019\/03\/carole-robertson-290x290.jpg 290w, https:\/\/www.macqueenfineart.com\/wp-content\/uploads\/2019\/03\/carole-robertson-700x700.jpg 700w, https:\/\/www.macqueenfineart.com\/wp-content\/uploads\/2019\/03\/carole-robertson-120x120.jpg 120w, https:\/\/www.macqueenfineart.com\/wp-content\/uploads\/2019\/03\/carole-robertson-250x250.jpg 250w, https:\/\/www.macqueenfineart.com\/wp-content\/uploads\/2019\/03\/carole-robertson.jpg 710w\" sizes=\"auto, (max-width: 225px) 100vw, 225px\" \/><\/a>\n\t\t\t<\/dt><\/dl><dl class='gallery-item'>\n\t\t\t<dt class='gallery-icon landscape'>\n\t\t\t\t<a href='https:\/\/www.macqueenfineart.com\/wp-content\/uploads\/2019\/03\/denise-mcnair.jpg' title=\"\" data-rl_title=\"\" class=\"rl-gallery-link\" data-rl_caption=\"\" data-rel=\"lightbox-gallery-1\"><img loading=\"lazy\" decoding=\"async\" width=\"225\" height=\"225\" src=\"https:\/\/www.macqueenfineart.com\/wp-content\/uploads\/2019\/03\/denise-mcnair-225x225.jpg\" class=\"attachment-thumbnail size-thumbnail\" alt=\"\" srcset=\"https:\/\/www.macqueenfineart.com\/wp-content\/uploads\/2019\/03\/denise-mcnair-225x225.jpg 225w, https:\/\/www.macqueenfineart.com\/wp-content\/uploads\/2019\/03\/denise-mcnair-290x290.jpg 290w, https:\/\/www.macqueenfineart.com\/wp-content\/uploads\/2019\/03\/denise-mcnair-700x700.jpg 700w, https:\/\/www.macqueenfineart.com\/wp-content\/uploads\/2019\/03\/denise-mcnair-120x120.jpg 120w, https:\/\/www.macqueenfineart.com\/wp-content\/uploads\/2019\/03\/denise-mcnair-250x250.jpg 250w, https:\/\/www.macqueenfineart.com\/wp-content\/uploads\/2019\/03\/denise-mcnair.jpg 710w\" sizes=\"auto, (max-width: 225px) 100vw, 225px\" \/><\/a>\n\t\t\t<\/dt><\/dl><dl class='gallery-item'>\n\t\t\t<dt class='gallery-icon landscape'>\n\t\t\t\t<a href='https:\/\/www.macqueenfineart.com\/wp-content\/uploads\/2019\/03\/cynthia-wesley.jpg' title=\"\" data-rl_title=\"\" class=\"rl-gallery-link\" data-rl_caption=\"\" data-rel=\"lightbox-gallery-1\"><img loading=\"lazy\" decoding=\"async\" width=\"225\" height=\"225\" src=\"https:\/\/www.macqueenfineart.com\/wp-content\/uploads\/2019\/03\/cynthia-wesley-225x225.jpg\" class=\"attachment-thumbnail size-thumbnail\" alt=\"\" srcset=\"https:\/\/www.macqueenfineart.com\/wp-content\/uploads\/2019\/03\/cynthia-wesley-225x225.jpg 225w, https:\/\/www.macqueenfineart.com\/wp-content\/uploads\/2019\/03\/cynthia-wesley-290x290.jpg 290w, https:\/\/www.macqueenfineart.com\/wp-content\/uploads\/2019\/03\/cynthia-wesley-700x700.jpg 700w, https:\/\/www.macqueenfineart.com\/wp-content\/uploads\/2019\/03\/cynthia-wesley-120x120.jpg 120w, https:\/\/www.macqueenfineart.com\/wp-content\/uploads\/2019\/03\/cynthia-wesley-250x250.jpg 250w, https:\/\/www.macqueenfineart.com\/wp-content\/uploads\/2019\/03\/cynthia-wesley.jpg 710w\" sizes=\"auto, (max-width: 225px) 100vw, 225px\" \/><\/a>\n\t\t\t<\/dt><\/dl><dl class='gallery-item'>\n\t\t\t<dt class='gallery-icon landscape'>\n\t\t\t\t<a href='https:\/\/www.macqueenfineart.com\/wp-content\/uploads\/2019\/03\/addie-mae-collins.jpg' title=\"\" data-rl_title=\"\" class=\"rl-gallery-link\" data-rl_caption=\"\" data-rel=\"lightbox-gallery-1\"><img loading=\"lazy\" decoding=\"async\" width=\"225\" height=\"225\" src=\"https:\/\/www.macqueenfineart.com\/wp-content\/uploads\/2019\/03\/addie-mae-collins-225x225.jpg\" class=\"attachment-thumbnail size-thumbnail\" alt=\"\" srcset=\"https:\/\/www.macqueenfineart.com\/wp-content\/uploads\/2019\/03\/addie-mae-collins-225x225.jpg 225w, https:\/\/www.macqueenfineart.com\/wp-content\/uploads\/2019\/03\/addie-mae-collins-290x290.jpg 290w, https:\/\/www.macqueenfineart.com\/wp-content\/uploads\/2019\/03\/addie-mae-collins-700x700.jpg 700w, https:\/\/www.macqueenfineart.com\/wp-content\/uploads\/2019\/03\/addie-mae-collins-120x120.jpg 120w, https:\/\/www.macqueenfineart.com\/wp-content\/uploads\/2019\/03\/addie-mae-collins-250x250.jpg 250w, https:\/\/www.macqueenfineart.com\/wp-content\/uploads\/2019\/03\/addie-mae-collins.jpg 710w\" sizes=\"auto, (max-width: 225px) 100vw, 225px\" \/><\/a>\n\t\t\t<\/dt><\/dl><br style=\"clear: both\" \/>\n\t\t<\/div>\n<\/div>\n<div class=\"row pb-5 pt-3\">\n<h3 class=\"mt-1 c1 text-center camel wide\">Addie Mae Collins, Denise McNair, Cynthia Wesley, Carole&nbsp;Robertson<\/h3>\n<\/div>\n<\/div>\n<!-- \/cols --><\/div>\n<\/div>\n<!-- \/slide -->\n<div id=\"greyed\" class=\"greyedPan row panel\">\n<div class=\"container pt-4 pb-4\">\n<div class=\"col-12 col-sm-11 col-md-10 ml-auto mr-auto\">\n<div class=\"row pt-5 text-center\">\n<h1 class=\"c1 mt-0 text-center wide\">Un m\u00e9morial public solennel<\/h1>\n<p class=\"text-center mb-5\">Lorsqu\u2019on a demand\u00e9 \u00e0 Elizabeth MacQueen de construire une sculpture comm\u00e9morant l\u2019une des trag\u00e9dies les plus tristement c\u00e9l\u00e8bres de l\u2019histoire de l\u2019Alabama, la gravit\u00e9 \u00e9motionnelle du projet ne lui a pas \u00e9chapp\u00e9. Elle-m\u00eame originaire de Birmingham, Elizabeth \u00e9tait bien consciente de l\u2019histoire d\u2019in\u00e9galit\u00e9s et d\u2019injustices de la r\u00e9gion. Elle savait que de nombreux visiteurs du m\u00e9morial \u00e9taient des participants actifs au mouvement des droits civiques \u00e0 Birmingham dans les ann\u00e9es 1960. C\u2019\u00e9tait pour elle l\u2019occasion de jouer un modeste r\u00f4le dans une lutte monumentale.<\/p>\n\n<\/div>\n<div class=\"gallery\">\n<dl class=\"gallery-item\">\t\t\t\t<a href=\"\/wp-content\/uploads\/2019\/03\/16thStreetBaptistMemorial.jpg\" title=\"Les Quatre Esprits\" data-rl_title=\"The Four Spirits\" class=\"rl-gallery-link\" data-rl_caption=\"\" data-rel=\"lightbox-gallery-3\"><img decoding=\"async\" width=\"100%\" height=\"100%\" src=\"\/wp-content\/uploads\/2019\/03\/16thStreetBaptistMemorial.jpg\" alt=\"The Four Spirits\" aria-describedby=\"gallery-3-474\" pagespeed_url_hash=\"1149958839\" onload=\"pagespeed.CriticalImages.checkImageForCriticality(this);\"><\/a>\n \t<dd class=\"wp-caption-text gallery-caption text-center\" id=\"gallery-3-474\">\n\t\t\t\tLes Quatre Esprits<\/dd>\n<\/dl>\n<br style=\"clear: both\"><\/div>\n<!-- \/gallery item --><\/div>\n<\/div>\n<!-- \/cols --><\/div>\n<\/div>\n<!-- \/slide -->\n<div id=\"greyed\" class=\"style1 row panel\">\n<div class=\"container pt-1 pb-4\">\n<div class=\"col-12 col-sm-11 col-md-10 ml-auto mr-auto\">\n<div class=\"row text-center\">\n<h1 class=\"c1 text-center wide\">La cr\u00e9ation des \u00ab QUATRE ESPRITS \u00bb<\/h1>\n<p class=\"text-center mb-5\">\nCe m\u00e9morial public, n\u00e9 d\u2019une id\u00e9e propos\u00e9e par un comit\u00e9 de b\u00e9n\u00e9voles d\u2019une association \u00e0 but non lucratif, a vu le jour en quatre mois environ. Elizabeth a travaill\u00e9 sans rel\u00e2che dans une fonderie pr\u00e8s de Berkeley, en Californie, et a achev\u00e9 la sculpture en quatre mois. Une \u0153uvre de cette envergure n\u00e9cessite habituellement trois fois plus de temps.<\/p>\n\n\t\t<style type=\"text\/css\">\n\t\t\t#gallery-2 {\n\t\t\t\tmargin: auto;\n\t\t\t}\n\t\t\t#gallery-2 .gallery-item {\n\t\t\t\tfloat: left;\n\t\t\t\tmargin-top: 10px;\n\t\t\t\ttext-align: center;\n\t\t\t\twidth: 25%;\n\t\t\t}\n\t\t\t#gallery-2 img {\n\t\t\t\tborder: 2px solid #cfcfcf;\n\t\t\t}\n\t\t\t#gallery-2 .gallery-caption {\n\t\t\t\tmargin-left: 0;\n\t\t\t}\n\t\t\t\/* see gallery_shortcode() in wp-includes\/media.php *\/\n\t\t<\/style>\n\t\t<div id='gallery-2' class='gallery galleryid-571 gallery-columns-4 gallery-size-thumbnail'><dl class='gallery-item'>\n\t\t\t<dt class='gallery-icon landscape'>\n\t\t\t\t<a href='https:\/\/www.macqueenfineart.com\/wp-content\/uploads\/2019\/03\/spiritsDev2.jpg' title=\"\" data-rl_title=\"\" class=\"rl-gallery-link\" data-rl_caption=\"\" data-rel=\"lightbox-gallery-2\"><img loading=\"lazy\" decoding=\"async\" width=\"225\" height=\"225\" src=\"https:\/\/www.macqueenfineart.com\/wp-content\/uploads\/2019\/03\/spiritsDev2-225x225.jpg\" class=\"attachment-thumbnail size-thumbnail\" alt=\"\" \/><\/a>\n\t\t\t<\/dt><\/dl><dl class='gallery-item'>\n\t\t\t<dt class='gallery-icon landscape'>\n\t\t\t\t<a href='https:\/\/www.macqueenfineart.com\/wp-content\/uploads\/2019\/03\/spiritsDev1.jpg' title=\"\" data-rl_title=\"\" class=\"rl-gallery-link\" data-rl_caption=\"\" data-rel=\"lightbox-gallery-2\"><img loading=\"lazy\" decoding=\"async\" width=\"225\" height=\"225\" src=\"https:\/\/www.macqueenfineart.com\/wp-content\/uploads\/2019\/03\/spiritsDev1-225x225.jpg\" class=\"attachment-thumbnail size-thumbnail\" alt=\"\" srcset=\"https:\/\/www.macqueenfineart.com\/wp-content\/uploads\/2019\/03\/spiritsDev1-225x225.jpg 225w, https:\/\/www.macqueenfineart.com\/wp-content\/uploads\/2019\/03\/spiritsDev1-290x290.jpg 290w, https:\/\/www.macqueenfineart.com\/wp-content\/uploads\/2019\/03\/spiritsDev1-1536x1536.jpg 1536w, https:\/\/www.macqueenfineart.com\/wp-content\/uploads\/2019\/03\/spiritsDev1-768x768.jpg 768w, https:\/\/www.macqueenfineart.com\/wp-content\/uploads\/2019\/03\/spiritsDev1-700x700.jpg 700w, https:\/\/www.macqueenfineart.com\/wp-content\/uploads\/2019\/03\/spiritsDev1-120x120.jpg 120w, https:\/\/www.macqueenfineart.com\/wp-content\/uploads\/2019\/03\/spiritsDev1-250x250.jpg 250w, https:\/\/www.macqueenfineart.com\/wp-content\/uploads\/2019\/03\/spiritsDev1.jpg 1750w\" sizes=\"auto, (max-width: 225px) 100vw, 225px\" \/><\/a>\n\t\t\t<\/dt><\/dl><dl class='gallery-item'>\n\t\t\t<dt class='gallery-icon landscape'>\n\t\t\t\t<a href='https:\/\/www.macqueenfineart.com\/wp-content\/uploads\/2019\/03\/spiritsDev3.jpg' title=\"\" data-rl_title=\"\" class=\"rl-gallery-link\" data-rl_caption=\"\" data-rel=\"lightbox-gallery-2\"><img loading=\"lazy\" decoding=\"async\" width=\"225\" height=\"225\" src=\"https:\/\/www.macqueenfineart.com\/wp-content\/uploads\/2019\/03\/spiritsDev3-225x225.jpg\" class=\"attachment-thumbnail size-thumbnail\" alt=\"\" \/><\/a>\n\t\t\t<\/dt><\/dl><dl class='gallery-item'>\n\t\t\t<dt class='gallery-icon landscape'>\n\t\t\t\t<a href='https:\/\/www.macqueenfineart.com\/wp-content\/uploads\/2019\/03\/spiritsDev4.jpg' title=\"\" data-rl_title=\"\" class=\"rl-gallery-link\" data-rl_caption=\"\" data-rel=\"lightbox-gallery-2\"><img loading=\"lazy\" decoding=\"async\" width=\"225\" height=\"225\" src=\"https:\/\/www.macqueenfineart.com\/wp-content\/uploads\/2019\/03\/spiritsDev4-225x225.jpg\" class=\"attachment-thumbnail size-thumbnail\" alt=\"\" srcset=\"https:\/\/www.macqueenfineart.com\/wp-content\/uploads\/2019\/03\/spiritsDev4-225x225.jpg 225w, https:\/\/www.macqueenfineart.com\/wp-content\/uploads\/2019\/03\/spiritsDev4-290x290.jpg 290w, https:\/\/www.macqueenfineart.com\/wp-content\/uploads\/2019\/03\/spiritsDev4-768x768.jpg 768w, https:\/\/www.macqueenfineart.com\/wp-content\/uploads\/2019\/03\/spiritsDev4-700x700.jpg 700w, https:\/\/www.macqueenfineart.com\/wp-content\/uploads\/2019\/03\/spiritsDev4-120x120.jpg 120w, https:\/\/www.macqueenfineart.com\/wp-content\/uploads\/2019\/03\/spiritsDev4-250x250.jpg 250w, https:\/\/www.macqueenfineart.com\/wp-content\/uploads\/2019\/03\/spiritsDev4.jpg 950w\" sizes=\"auto, (max-width: 225px) 100vw, 225px\" \/><\/a>\n\t\t\t<\/dt><\/dl><br style=\"clear: both\" \/>\n\t\t<\/div>\n\n\n<\/div>\n<!-- \/row --><\/div>\n<\/div>\n<!-- \/row -->\n\n<\/div>\n<!-- \/panel-->\n<div class=\"row panel bg3\">\n<div class=\"container\">\n<div class=\"shadePanel relative text-center\">\n<quote class=\"c1 wide block\">\u00ab Je sais les efforts consid\u00e9rables d\u00e9ploy\u00e9s pour ce projet. Je connais le travail du comit\u00e9 qui a eu l\u2019id\u00e9e de le commander. Je sais les efforts consid\u00e9rables d\u00e9ploy\u00e9s pour collecter les fonds n\u00e9cessaires \u00e0 sa r\u00e9alisation, puis pour s\u00e9lectionner cette charmante jeune femme qui a \u00e9t\u00e9 choisie pour mener \u00e0 bien la construction de la sculpture. \u2026 Il y a eu de nombreux obstacles, mais comme toujours, Dieu a trouv\u00e9 un moyen de concr\u00e9tiser ce projet. \u00bb\n<\/quote>\n<b class=\"text-center wide block\">William Bell<\/b>\n<p class=\"small text-center\">Maire de Birmingham<\/p>\n\n<\/div>\n<\/div>\n<\/div>\n<\/div>\n<!-- \/row \/hero -->\n<div class=\"style1 row panel panel2 monument\">\n<div class=\"container\">\n<div class=\"row no-gutters pt-6 pb-4\">\n<div class=\"col-12 col-sm-11 col-md-10 ml-auto mr-auto\">\n<div class=\"row\">\n<h1 class=\"mr-auto ml-auto mt-0 mb-2\">D\u00e9voilage des \u00ab QUATRE ESPRITS \u00bb<\/h2>\n<p class=\"text-center pl-md-5 pr-md-5  mb-5\">Le 14 septembre 2013, presque cinquante ans jour pour jour apr\u00e8s la trag\u00e9die, la sculpture en acier et en bronze a \u00e9t\u00e9 d\u00e9voil\u00e9e. Des centaines de personnes se sont rassembl\u00e9es autour du parc Kelly Ingram pour voir ce nouveau m\u00e9morial public.<\/p>\n\n<div class=\"gallery\">\n<dl class=\"gallery-item\">\t\t\t\t<a href=\"\/wp-content\/uploads\/2017\/08\/four_spirits_unveiling.jpg\" title=\"Les Quatre Esprits\" data-rl_title=\"The Four Spirits\" class=\"rl-gallery-link\" data-rl_caption=\"\" data-rel=\"lightbox-gallery-3\"><img decoding=\"async\" width=\"100%\" height=\"100%\" src=\"\/wp-content\/uploads\/2017\/08\/four_spirits_unveiling.jpg\" alt=\"The Four Spirits\" aria-describedby=\"gallery-3-73\" pagespeed_url_hash=\"1149958839\" onload=\"pagespeed.CriticalImages.checkImageForCriticality(this);\"><\/a>\n \t<dd class=\"wp-caption-text gallery-caption text-center\" id=\"gallery-3-73\">\n\t\t\t\tLes Quatre Esprits<\/dd>\n<\/dl>\n<br style=\"clear: both\"><\/div>\n<!-- \/gallery item -->\n\n<\/div>\n<\/div>\n<\/div>\n<!-- \/row -->\n<div class=\"row\">\n<div class=\"col-12 col-sm-10 col-md-8 ml-auto mr-auto mb-5\">\n\n   \n\t\t<style type=\"text\/css\">\n\t\t\t#gallery-3 {\n\t\t\t\tmargin: auto;\n\t\t\t}\n\t\t\t#gallery-3 .gallery-item {\n\t\t\t\tfloat: left;\n\t\t\t\tmargin-top: 10px;\n\t\t\t\ttext-align: center;\n\t\t\t\twidth: 33%;\n\t\t\t}\n\t\t\t#gallery-3 img {\n\t\t\t\tborder: 2px solid #cfcfcf;\n\t\t\t}\n\t\t\t#gallery-3 .gallery-caption {\n\t\t\t\tmargin-left: 0;\n\t\t\t}\n\t\t\t\/* see gallery_shortcode() in wp-includes\/media.php *\/\n\t\t<\/style>\n\t\t<div id='gallery-3' class='gallery galleryid-571 gallery-columns-3 gallery-size-thumbnail'><dl class='gallery-item'>\n\t\t\t<dt class='gallery-icon landscape'>\n\t\t\t\t<a href='https:\/\/www.macqueenfineart.com\/wp-content\/uploads\/2019\/03\/16thBaptistMemorialSculpture.jpg' title=\"16th Baptist Memorial\" data-rl_title=\"16th Baptist Memorial\" class=\"rl-gallery-link\" data-rl_caption=\"\" data-rel=\"lightbox-gallery-3\"><img loading=\"lazy\" decoding=\"async\" width=\"225\" height=\"225\" src=\"https:\/\/www.macqueenfineart.com\/wp-content\/uploads\/2019\/03\/16thBaptistMemorialSculpture-225x225.jpg\" class=\"attachment-thumbnail size-thumbnail\" alt=\"16th Baptist Memorial\" aria-describedby=\"gallery-3-637\" \/><\/a>\n\t\t\t<\/dt>\n\t\t\t\t<dd class='wp-caption-text gallery-caption' id='gallery-3-637'>\n\t\t\t\t16th Baptist Memorial\n\t\t\t\t<\/dd><\/dl><dl class='gallery-item'>\n\t\t\t<dt class='gallery-icon landscape'>\n\t\t\t\t<a href='https:\/\/www.macqueenfineart.com\/wp-content\/uploads\/2019\/03\/memorial-at-the-entrance-to-kelly-ingram-park-birmingham-al-scaled.jpg' title=\"Kelly Ingram Park, Birmingham Alabama\" data-rl_title=\"Kelly Ingram Park, Birmingham Alabama\" class=\"rl-gallery-link\" data-rl_caption=\"\" data-rel=\"lightbox-gallery-3\"><img loading=\"lazy\" decoding=\"async\" width=\"225\" height=\"225\" src=\"https:\/\/www.macqueenfineart.com\/wp-content\/uploads\/2019\/03\/memorial-at-the-entrance-to-kelly-ingram-park-birmingham-al-225x225.jpg\" class=\"attachment-thumbnail size-thumbnail\" alt=\"Kelly Ingram Park, Birmingham Alabama\" aria-describedby=\"gallery-3-638\" \/><\/a>\n\t\t\t<\/dt>\n\t\t\t\t<dd class='wp-caption-text gallery-caption' id='gallery-3-638'>\n\t\t\t\tKelly Ingram Park, Birmingham Alabama\n\t\t\t\t<\/dd><\/dl><dl class='gallery-item'>\n\t\t\t<dt class='gallery-icon landscape'>\n\t\t\t\t<a href='https:\/\/www.macqueenfineart.com\/wp-content\/uploads\/2019\/03\/16thStreetBaptistMemorial.jpg' title=\"Les Quatre Esprits\" data-rl_title=\"The Four Spirits\" class=\"rl-gallery-link\" data-rl_caption=\"The public memorial to commemorate one of the most infamous tragedies in Alabama history. This project was cultivated by a volunteer nonprofit committee. Elizabeth worked tirelessly and completed the sculpture in about four months. Hundreds of people gathered around Kelly Ingram Park to see the new public memorial unveiled in 2013.\" data-rel=\"lightbox-gallery-3\"><img loading=\"lazy\" decoding=\"async\" width=\"225\" height=\"225\" src=\"https:\/\/www.macqueenfineart.com\/wp-content\/uploads\/2019\/03\/16thStreetBaptistMemorial-225x225.jpg\" class=\"attachment-thumbnail size-thumbnail\" alt=\"The Four Spirits\" aria-describedby=\"gallery-3-474\" srcset=\"https:\/\/www.macqueenfineart.com\/wp-content\/uploads\/2019\/03\/16thStreetBaptistMemorial-225x225.jpg 225w, https:\/\/www.macqueenfineart.com\/wp-content\/uploads\/2019\/03\/16thStreetBaptistMemorial-500x500.jpg 500w\" sizes=\"auto, (max-width: 225px) 100vw, 225px\" \/><\/a>\n\t\t\t<\/dt>\n\t\t\t\t<dd class='wp-caption-text gallery-caption' id='gallery-3-474'>\n\t\t\t\tLes Quatre Esprits\n\t\t\t\t<\/dd><\/dl><br style=\"clear: both\" \/><dl class='gallery-item'>\n\t\t\t<dt class='gallery-icon landscape'>\n\t\t\t\t<a href='https:\/\/www.macqueenfineart.com\/wp-content\/uploads\/2017\/08\/four_spirits_unveiling.jpg' title=\"Unveiling The Four Spirits\" data-rl_title=\"Unveiling The Four Spirits\" class=\"rl-gallery-link\" data-rl_caption=\"The public memorial to commemorate one of the most infamous tragedies in Alabama history. This project was cultivated by a volunteer nonprofit committee. Elizabeth worked tirelessly and completed the sculpture in about four months. Hundreds of people gathered around Kelly Ingram Park to see the new public memorial unveiled in 2013.\" data-rel=\"lightbox-gallery-3\"><img loading=\"lazy\" decoding=\"async\" width=\"225\" height=\"225\" src=\"https:\/\/www.macqueenfineart.com\/wp-content\/uploads\/2017\/08\/four_spirits_unveiling-225x225.jpg\" class=\"attachment-thumbnail size-thumbnail\" alt=\"Unveiling The Four Spirits\" aria-describedby=\"gallery-3-73\" srcset=\"https:\/\/www.macqueenfineart.com\/wp-content\/uploads\/2017\/08\/four_spirits_unveiling-225x225.jpg 225w, https:\/\/www.macqueenfineart.com\/wp-content\/uploads\/2017\/08\/four_spirits_unveiling-500x500.jpg 500w\" sizes=\"auto, (max-width: 225px) 100vw, 225px\" \/><\/a>\n\t\t\t<\/dt>\n\t\t\t\t<dd class='wp-caption-text gallery-caption' id='gallery-3-73'>\n\t\t\t\tUnveiling The Four Spirits\n\t\t\t\t<\/dd><\/dl><dl class='gallery-item'>\n\t\t\t<dt class='gallery-icon landscape'>\n\t\t\t\t<a href='https:\/\/www.macqueenfineart.com\/wp-content\/uploads\/2017\/08\/four-spirits.jpg' title=\"Birmingham, Alabama: The Four Spirits\" data-rl_title=\"Birmingham, Alabama: The Four Spirits\" class=\"rl-gallery-link\" data-rl_caption=\"\" data-rel=\"lightbox-gallery-3\"><img loading=\"lazy\" decoding=\"async\" width=\"225\" height=\"225\" src=\"https:\/\/www.macqueenfineart.com\/wp-content\/uploads\/2017\/08\/four-spirits-225x225.jpg\" class=\"attachment-thumbnail size-thumbnail\" alt=\"The Four Spirits\" aria-describedby=\"gallery-3-74\" srcset=\"https:\/\/www.macqueenfineart.com\/wp-content\/uploads\/2017\/08\/four-spirits-225x225.jpg 225w, https:\/\/www.macqueenfineart.com\/wp-content\/uploads\/2017\/08\/four-spirits-337x337.jpg 337w\" sizes=\"auto, (max-width: 225px) 100vw, 225px\" \/><\/a>\n\t\t\t<\/dt>\n\t\t\t\t<dd class='wp-caption-text gallery-caption' id='gallery-3-74'>\n\t\t\t\tLes Quatre Esprits\n\t\t\t\t<\/dd><\/dl><dl class='gallery-item'>\n\t\t\t<dt class='gallery-icon landscape'>\n\t\t\t\t<a href='https:\/\/www.macqueenfineart.com\/wp-content\/uploads\/2019\/03\/spiritsDev3.jpg' title=\"\" data-rl_title=\"\" class=\"rl-gallery-link\" data-rl_caption=\"\" data-rel=\"lightbox-gallery-3\"><img loading=\"lazy\" decoding=\"async\" width=\"225\" height=\"225\" src=\"https:\/\/www.macqueenfineart.com\/wp-content\/uploads\/2019\/03\/spiritsDev3-225x225.jpg\" class=\"attachment-thumbnail size-thumbnail\" alt=\"\" \/><\/a>\n\t\t\t<\/dt><\/dl><br style=\"clear: both\" \/>\n\t\t<\/div>\n\n<p class=\"text-center small mb-5\">Some pictures courtesy of <a rel=\"dofollow\" href=\"https:\/\/www.milesgeek.com\/u-s-civil-rights-trail-birmingham-alabama\">MilesGeek.com<\/a><\/p>\n\n<\/div>\n<div class=\"col-12 col-sm-11 col-md-10 ml-auto mr-auto\">\n<h1 class=\"text-center\">Visitez les \u00ab QUATRE ESPRITS \u00bb<\/h2>\n<iframe loading=\"lazy\" src=\"https:\/\/www.google.com\/maps\/embed?pb=!1m18!1m12!1m3!1d3326.4257059952347!2d-86.81470218843418!3d33.516315832911026!2m3!1f0!2f0!3f0!3m2!1i1024!2i768!4f13.1!3m3!1m2!1s0x88891b8e6b969563%3A0x969314b5f8580df8!2sKelly+Ingram+Park!5e0!3m2!1sen!2sus!4v1554413380344!5m2!1sen!2sus\" width=\"100%\" height=\"450\" frameborder=\"0\" style=\"border:0\" allowfullscreen><\/iframe><\/div>\n<\/div>\n<\/div>\n<!-- \/row --><\/div>\n<!-- \/container --><\/div>\n<!-- \/row -->\n\n<\/div>\n<\/div>\n<div id=\"greyed\" class=\"greyedPan row panel\">\n<div class=\"container pt-1 pb-4\">\n\n<div class=\"row text-center borb\">\n<h1 class=\"c1 text-center wide mb-3\">COUVERTURE DE PRESSE<\/h1>\n<\/div><!-- \/row -->\n\n<div class=\"row no-gutters pt-4 pb-5\">\n      <div class=\"col-md-4 col-sm-8 fit pr-4 pb-4\">\n          <a target=\"blank\" rel=\"lightbox[gallery-1] noopener\" href=\"http:\/\/m.youtube.com\/watch?v=dm47vUXokUo\"><img decoding=\"async\" src=\"\/media\/video.jpg\"><\/a>\n      <\/div>\n      <div class=\"col-md-6 col-sm-8 pb-4 pr-3\">\n<h2 class=\"formal\">Quatre Esprits : Le M\u00e9morial comm\u00e9morant l\u2019attentat de 1963 \u00e0 Birmingham, Alabama<\/h2>\n<p>\n\u00c0 la veille du 50e anniversaire de l\u2019un des \u00e9v\u00e9nements les plus tragiques de l\u2019histoire de l\u2019Alabama, les statues des quatre jeunes filles qui ont perdu la vie lors de cet attentat ont \u00e9t\u00e9 d\u00e9voil\u00e9es. <a target=\"blank\" rel=\"lightbox[gallery-1] noopener\" href=\"http:\/\/m.youtube.com\/watch?v=dm47vUXokUo\">Visionnez le documentaire prim\u00e9 aux Emmy Awards, diffus\u00e9 sur CBS, consacr\u00e9 \u00e0 cette \u0153uvre d\u2019Elizabeth MacQueen.<\/a> about this work by Elizabeth MacQueen.<\/p><b><a class=\"\" href=\"\/fr\/news\/\">More News Coverage ><\/a><\/b>\n<\/div>\n      <div class=\"col-md-2 col-sm-4 fit px-3 text-md-right text-left bg1 pt-3\">\n         <img decoding=\"async\" src=\"\/media\/emmyAward.jpg\"><!-- img class=\"pt-3 mx-autoalign-top\" src=\"\/media\/cbsLogo.jpg\" -->\n      <\/div>\n\n    <\/div>\n<\/div>\n<\/div>\n<!-- \/panel-->","protected":false},"excerpt":{"rendered":"&#8220;A day that moved the conscience of our United&nbsp;States&#8230;&#8221; SCROLL &nbsp; &nbsp;DOWN 10:22AM SEPTEMBER&nbsp;15TH,&nbsp;1963 Four young girls were killed, and many other children injured, in a racially motivated bombing before Sunday morning church services in Birmingham,&nbsp;Alabama. Addie Mae Collins, Denise McNair, Cynthia Wesley, Carole&nbsp;Robertson A Solemn&nbsp;Public Memorial When Elizabeth MacQueen was asked to build a&#8230; <a class=\"view-article\" href=\"https:\/\/www.macqueenfineart.com\/fr\/sixteenth-street-baptist-church-public-memorial-sculpture\/\">View Article<\/a>","protected":false},"author":1,"featured_media":0,"parent":0,"menu_order":0,"comment_status":"closed","ping_status":"closed","template":"frontpage.php","meta":{"_acf_changed":false,"footnotes":""},"class_list":["post-571","page","type-page","status-publish","hentry"],"acf":[],"_links":{"self":[{"href":"https:\/\/www.macqueenfineart.com\/fr\/wp-json\/wp\/v2\/pages\/571","targetHints":{"allow":["GET"]}}],"collection":[{"href":"https:\/\/www.macqueenfineart.com\/fr\/wp-json\/wp\/v2\/pages"}],"about":[{"href":"https:\/\/www.macqueenfineart.com\/fr\/wp-json\/wp\/v2\/types\/page"}],"author":[{"embeddable":true,"href":"https:\/\/www.macqueenfineart.com\/fr\/wp-json\/wp\/v2\/users\/1"}],"replies":[{"embeddable":true,"href":"https:\/\/www.macqueenfineart.com\/fr\/wp-json\/wp\/v2\/comments?post=571"}],"version-history":[{"count":116,"href":"https:\/\/www.macqueenfineart.com\/fr\/wp-json\/wp\/v2\/pages\/571\/revisions"}],"predecessor-version":[{"id":1697,"href":"https:\/\/www.macqueenfineart.com\/fr\/wp-json\/wp\/v2\/pages\/571\/revisions\/1697"}],"wp:attachment":[{"href":"https:\/\/www.macqueenfineart.com\/fr\/wp-json\/wp\/v2\/media?parent=571"}],"curies":[{"name":"wp","href":"https:\/\/api.w.org\/{rel}","templated":true}]}}