{"id":516,"date":"2019-03-25T00:19:50","date_gmt":"2019-03-25T00:19:50","guid":{"rendered":"https:\/\/18.236.192.208\/?page_id=516"},"modified":"2023-12-04T23:32:33","modified_gmt":"2023-12-04T23:32:33","slug":"commission-corporate-art-sculptures","status":"publish","type":"page","link":"https:\/\/www.macqueenfineart.com\/fr\/commission-corporate-art-sculptures\/","title":{"rendered":"ART CORPORATIF"},"content":{"rendered":"<div class=\"row quotePanel mid\">\n<div class=\"text-center pt-6 pb-6 pr-md-5 col-md-10 col-lg-8 pl-md-5 mr-auto ml-auto\"><img decoding=\"async\" class=\"mt-0 mb-4 text-center\" src=\"\/media\/loading.gif\">\n<h4 class=\"c1 mb-0 mt-0\">Believe in the transformative power of&nbsp;beautiful&nbsp;spaces.<\/h4>\n<\/div>\n<\/div>\n<div class=\"row panel hero heroCorporate fullScreen\">\n<div id=\"scrollDown\"><a href=\"#slide1\" class=\"scrollDown c8 scrollTrigger tdrops wow flash\" data-wow-duration=\"4s\" data-wow-delay=\"7s\"  data-wow-iteration=\"2\">SCROLL &nbsp;<i class=\"fas fa-chevron-circle-down tdrops\"><\/i> &nbsp;DOWN<\/a><\/div>\n<div class=\"container\">\n<div class=\"col-12 col-md-11 mr-auto ml-auto\">\n    &nbsp;<\/div>\n<\/div>\n<\/div>\n<div id=\"slide1\" class=\"style1 row panel panel2 monument\">\n<div class=\"container\">\n<div class=\"row no-gutters pt-5 pb-5\">\n<div class=\"col-12 col-sm-10 col-md-8 ml-auto mr-auto\">\n<div class=\"row wow fadeInUp\">\n<h1 class=\"text-center mr-auto ml-auto mt-0 mb-2\">Commandez des sculptures et \u0153uvres d\u2019art en trois dimensions<\/h2>\n<p class=\"text-center\">\nLes \u0153uvres d\u2019art jouent un r\u00f4le essentiel dans l\u2019ambiance g\u00e9n\u00e9rale, la marque commerciale et l\u2019exp\u00e9rience des visiteurs. Nous pouvons traduire les lignes directrices figuratives de la marque en sp\u00e9cifications de conception concr\u00e8tes qui compl\u00e8tent gracieusement l\u2019espace. Nous nous effor\u00e7ons de cr\u00e9er des sculptures et des \u0153uvres d'art en trois dimensions qui compl\u00e8tent le design int\u00e9rieur et ajoutent \u00e0 l\u2019exp\u00e9rience.<\/p>\n\n<div id=\"contactBtn\" class=\"ml-auto mr-auto\">\n             <a href=\"#footer\" class=\"btn text-center btn-white c1 scrollTrigger\">Entrez en contact avec nous<\/a><\/div>\n<\/div>\n<div class=\"row pt-6 wow fadeInUp\">\n    \n\t\t<style type=\"text\/css\">\n\t\t\t#gallery-1 {\n\t\t\t\tmargin: auto;\n\t\t\t}\n\t\t\t#gallery-1 .gallery-item {\n\t\t\t\tfloat: left;\n\t\t\t\tmargin-top: 10px;\n\t\t\t\ttext-align: center;\n\t\t\t\twidth: 33%;\n\t\t\t}\n\t\t\t#gallery-1 img {\n\t\t\t\tborder: 2px solid #cfcfcf;\n\t\t\t}\n\t\t\t#gallery-1 .gallery-caption {\n\t\t\t\tmargin-left: 0;\n\t\t\t}\n\t\t\t\/* see gallery_shortcode() in wp-includes\/media.php *\/\n\t\t<\/style>\n\t\t<div id='gallery-1' class='gallery galleryid-516 gallery-columns-3 gallery-size-thumbnail'><dl class='gallery-item'>\n\t\t\t<dt class='gallery-icon landscape'>\n\t\t\t\t<a href='https:\/\/www.macqueenfineart.com\/wp-content\/uploads\/2017\/08\/persephone.jpg' title=\"Persephone\" data-rl_title=\"Persephone\" class=\"rl-gallery-link\" data-rl_caption=\"\" data-rel=\"lightbox-gallery-1\"><img loading=\"lazy\" decoding=\"async\" width=\"225\" height=\"225\" src=\"https:\/\/www.macqueenfineart.com\/wp-content\/uploads\/2017\/08\/persephone-225x225.jpg\" class=\"attachment-thumbnail size-thumbnail\" alt=\"Persephone\" aria-describedby=\"gallery-1-248\" srcset=\"https:\/\/www.macqueenfineart.com\/wp-content\/uploads\/2017\/08\/persephone-225x225.jpg 225w, https:\/\/www.macqueenfineart.com\/wp-content\/uploads\/2017\/08\/persephone-290x290.jpg 290w, https:\/\/www.macqueenfineart.com\/wp-content\/uploads\/2017\/08\/persephone-768x768.jpg 768w, https:\/\/www.macqueenfineart.com\/wp-content\/uploads\/2017\/08\/persephone-700x700.jpg 700w, https:\/\/www.macqueenfineart.com\/wp-content\/uploads\/2017\/08\/persephone-120x120.jpg 120w, https:\/\/www.macqueenfineart.com\/wp-content\/uploads\/2017\/08\/persephone-250x250.jpg 250w, https:\/\/www.macqueenfineart.com\/wp-content\/uploads\/2017\/08\/persephone-500x500.jpg 500w, https:\/\/www.macqueenfineart.com\/wp-content\/uploads\/2017\/08\/persephone.jpg 1244w\" sizes=\"auto, (max-width: 225px) 100vw, 225px\" \/><\/a>\n\t\t\t<\/dt>\n\t\t\t\t<dd class='wp-caption-text gallery-caption' id='gallery-1-248'>\n\t\t\t\tPersephone\n\t\t\t\t<\/dd><\/dl><dl class='gallery-item'>\n\t\t\t<dt class='gallery-icon landscape'>\n\t\t\t\t<a href='https:\/\/www.macqueenfineart.com\/wp-content\/uploads\/2019\/03\/finalOctopus-scaled.jpg' title=\"The Final Spiridoula Mosaic\" data-rl_title=\"The Final Spiridoula Mosaic\" class=\"rl-gallery-link\" data-rl_caption=\"\" data-rel=\"lightbox-gallery-1\"><img loading=\"lazy\" decoding=\"async\" width=\"225\" height=\"225\" src=\"https:\/\/www.macqueenfineart.com\/wp-content\/uploads\/2019\/03\/finalOctopus-225x225.jpg\" class=\"attachment-thumbnail size-thumbnail\" alt=\"The Final Spiridoula Mosaic\" aria-describedby=\"gallery-1-371\" \/><\/a>\n\t\t\t<\/dt>\n\t\t\t\t<dd class='wp-caption-text gallery-caption' id='gallery-1-371'>\n\t\t\t\tSpiridoula\n\t\t\t\t<\/dd><\/dl><dl class='gallery-item'>\n\t\t\t<dt class='gallery-icon landscape'>\n\t\t\t\t<a href='https:\/\/www.macqueenfineart.com\/wp-content\/uploads\/2017\/08\/sports-bas-reliefs-1920x1920.jpg' title=\"Sports Bas Reliefs\" data-rl_title=\"Sports Bas Reliefs\" class=\"rl-gallery-link\" data-rl_caption=\"\" data-rel=\"lightbox-gallery-1\"><img loading=\"lazy\" decoding=\"async\" width=\"225\" height=\"225\" src=\"https:\/\/www.macqueenfineart.com\/wp-content\/uploads\/2017\/08\/sports-bas-reliefs-1920x1920-225x225.jpg\" class=\"attachment-thumbnail size-thumbnail\" alt=\"Sports Bas Reliefs\" aria-describedby=\"gallery-1-103\" srcset=\"https:\/\/www.macqueenfineart.com\/wp-content\/uploads\/2017\/08\/sports-bas-reliefs-1920x1920-225x225.jpg 225w, https:\/\/www.macqueenfineart.com\/wp-content\/uploads\/2017\/08\/sports-bas-reliefs-1920x1920-290x290.jpg 290w, https:\/\/www.macqueenfineart.com\/wp-content\/uploads\/2017\/08\/sports-bas-reliefs-1920x1920-120x120.jpg 120w, https:\/\/www.macqueenfineart.com\/wp-content\/uploads\/2017\/08\/sports-bas-reliefs-1920x1920-250x250.jpg 250w, https:\/\/www.macqueenfineart.com\/wp-content\/uploads\/2017\/08\/sports-bas-reliefs-1920x1920-500x500.jpg 500w, https:\/\/www.macqueenfineart.com\/wp-content\/uploads\/2017\/08\/sports-bas-reliefs-1920x1920.jpg 640w\" sizes=\"auto, (max-width: 225px) 100vw, 225px\" \/><\/a>\n\t\t\t<\/dt>\n\t\t\t\t<dd class='wp-caption-text gallery-caption' id='gallery-1-103'>\n\t\t\t\tSports Bas Reliefs\n\t\t\t\t<\/dd><\/dl><br style=\"clear: both\" \/><dl class='gallery-item'>\n\t\t\t<dt class='gallery-icon portrait'>\n\t\t\t\t<a href='https:\/\/www.macqueenfineart.com\/wp-content\/uploads\/2017\/08\/ruah_fountain_2.jpg' title=\"Ruah\" data-rl_title=\"Ruah\" class=\"rl-gallery-link\" data-rl_caption=\"\" data-rel=\"lightbox-gallery-1\"><img loading=\"lazy\" decoding=\"async\" width=\"225\" height=\"225\" src=\"https:\/\/www.macqueenfineart.com\/wp-content\/uploads\/2017\/08\/ruah_fountain_2-225x225.jpg\" class=\"attachment-thumbnail size-thumbnail\" alt=\"Ruah\" aria-describedby=\"gallery-1-97\" srcset=\"https:\/\/www.macqueenfineart.com\/wp-content\/uploads\/2017\/08\/ruah_fountain_2-225x225.jpg 225w, https:\/\/www.macqueenfineart.com\/wp-content\/uploads\/2017\/08\/ruah_fountain_2-500x500.jpg 500w\" sizes=\"auto, (max-width: 225px) 100vw, 225px\" \/><\/a>\n\t\t\t<\/dt>\n\t\t\t\t<dd class='wp-caption-text gallery-caption' id='gallery-1-97'>\n\t\t\t\tRuah\n\t\t\t\t<\/dd><\/dl><dl class='gallery-item'>\n\t\t\t<dt class='gallery-icon portrait'>\n\t\t\t\t<a href='https:\/\/www.macqueenfineart.com\/wp-content\/uploads\/2017\/08\/ruah9.jpg' title=\"Ruah\" data-rl_title=\"Ruah\" class=\"rl-gallery-link\" data-rl_caption=\"\" data-rel=\"lightbox-gallery-1\"><img loading=\"lazy\" decoding=\"async\" width=\"225\" height=\"225\" src=\"https:\/\/www.macqueenfineart.com\/wp-content\/uploads\/2017\/08\/ruah9-225x225.jpg\" class=\"attachment-thumbnail size-thumbnail\" alt=\"Ruah\" aria-describedby=\"gallery-1-98\" srcset=\"https:\/\/www.macqueenfineart.com\/wp-content\/uploads\/2017\/08\/ruah9-225x225.jpg 225w, https:\/\/www.macqueenfineart.com\/wp-content\/uploads\/2017\/08\/ruah9-500x500.jpg 500w\" sizes=\"auto, (max-width: 225px) 100vw, 225px\" \/><\/a>\n\t\t\t<\/dt>\n\t\t\t\t<dd class='wp-caption-text gallery-caption' id='gallery-1-98'>\n\t\t\t\tRuah\n\t\t\t\t<\/dd><\/dl><dl class='gallery-item'>\n\t\t\t<dt class='gallery-icon landscape'>\n\t\t\t\t<a href='https:\/\/www.macqueenfineart.com\/wp-content\/uploads\/2017\/08\/ruah_detail.jpg' title=\"Ruah Detail\" data-rl_title=\"Ruah Detail\" class=\"rl-gallery-link\" data-rl_caption=\"\" data-rel=\"lightbox-gallery-1\"><img loading=\"lazy\" decoding=\"async\" width=\"225\" height=\"225\" src=\"https:\/\/www.macqueenfineart.com\/wp-content\/uploads\/2017\/08\/ruah_detail-225x225.jpg\" class=\"attachment-thumbnail size-thumbnail\" alt=\"Ruah Detail\" aria-describedby=\"gallery-1-95\" srcset=\"https:\/\/www.macqueenfineart.com\/wp-content\/uploads\/2017\/08\/ruah_detail-225x225.jpg 225w, https:\/\/www.macqueenfineart.com\/wp-content\/uploads\/2017\/08\/ruah_detail-500x500.jpg 500w\" sizes=\"auto, (max-width: 225px) 100vw, 225px\" \/><\/a>\n\t\t\t<\/dt>\n\t\t\t\t<dd class='wp-caption-text gallery-caption' id='gallery-1-95'>\n\t\t\t\tRuah Detail\n\t\t\t\t<\/dd><\/dl><br style=\"clear: both\" \/><dl class='gallery-item'>\n\t\t\t<dt class='gallery-icon landscape'>\n\t\t\t\t<a href='https:\/\/www.macqueenfineart.com\/wp-content\/uploads\/2017\/08\/cavalier.jpg' title=\"The Cavalier\" data-rl_title=\"The Cavalier\" class=\"rl-gallery-link\" data-rl_caption=\"\" data-rel=\"lightbox-gallery-1\"><img loading=\"lazy\" decoding=\"async\" width=\"225\" height=\"225\" src=\"https:\/\/www.macqueenfineart.com\/wp-content\/uploads\/2017\/08\/cavalier-225x225.jpg\" class=\"attachment-thumbnail size-thumbnail\" alt=\"The Cavalier\" aria-describedby=\"gallery-1-65\" \/><\/a>\n\t\t\t<\/dt>\n\t\t\t\t<dd class='wp-caption-text gallery-caption' id='gallery-1-65'>\n\t\t\t\tThe Cavalier\n\t\t\t\t<\/dd><\/dl><dl class='gallery-item'>\n\t\t\t<dt class='gallery-icon portrait'>\n\t\t\t\t<a href='https:\/\/www.macqueenfineart.com\/wp-content\/uploads\/2017\/08\/Womens-Basketball-Hall-Of-Fame2.jpg' title=\"Berenson Statue\" data-rl_title=\"Berenson Statue\" class=\"rl-gallery-link\" data-rl_caption=\"Statue created for The Womens Basketball Hall of Fame. This 17-foot-tall bronze statue exemplifies Women&#039;s Basketball Hall of Fame&#039;s mission to &quot;honor the past, celebrate the present and promote the future&quot; of women&#039;s basketball.\" data-rel=\"lightbox-gallery-1\"><img loading=\"lazy\" decoding=\"async\" width=\"225\" height=\"225\" src=\"https:\/\/www.macqueenfineart.com\/wp-content\/uploads\/2017\/08\/Womens-Basketball-Hall-Of-Fame2-225x225.jpg\" class=\"attachment-thumbnail size-thumbnail\" alt=\"Berenson Statue\" aria-describedby=\"gallery-1-114\" srcset=\"https:\/\/www.macqueenfineart.com\/wp-content\/uploads\/2017\/08\/Womens-Basketball-Hall-Of-Fame2-225x225.jpg 225w, https:\/\/www.macqueenfineart.com\/wp-content\/uploads\/2017\/08\/Womens-Basketball-Hall-Of-Fame2-500x500.jpg 500w\" sizes=\"auto, (max-width: 225px) 100vw, 225px\" \/><\/a>\n\t\t\t<\/dt>\n\t\t\t\t<dd class='wp-caption-text gallery-caption' id='gallery-1-114'>\n\t\t\t\tBerenson Statue\n\t\t\t\t<\/dd><\/dl><dl class='gallery-item'>\n\t\t\t<dt class='gallery-icon portrait'>\n\t\t\t\t<a href='https:\/\/www.macqueenfineart.com\/wp-content\/uploads\/2017\/08\/basketball-hall-of-fame.jpg' title=\"Berenson Statue\" data-rl_title=\"Berenson Statue\" class=\"rl-gallery-link\" data-rl_caption=\"Statue created for The Womens Basketball Hall of Fame. This 17-foot-tall bronze statue exemplifies Women&#039;s Basketball Hall of Fame&#039;s mission to &quot;honor the past, celebrate the present and promote the future&quot; of women&#039;s basketball.\" data-rel=\"lightbox-gallery-1\"><img loading=\"lazy\" decoding=\"async\" width=\"225\" height=\"225\" src=\"https:\/\/www.macqueenfineart.com\/wp-content\/uploads\/2017\/08\/basketball-hall-of-fame-225x225.jpg\" class=\"attachment-thumbnail size-thumbnail\" alt=\"Berenson Statue\" aria-describedby=\"gallery-1-62\" srcset=\"https:\/\/www.macqueenfineart.com\/wp-content\/uploads\/2017\/08\/basketball-hall-of-fame-225x225.jpg 225w, https:\/\/www.macqueenfineart.com\/wp-content\/uploads\/2017\/08\/basketball-hall-of-fame-500x500.jpg 500w\" sizes=\"auto, (max-width: 225px) 100vw, 225px\" \/><\/a>\n\t\t\t<\/dt>\n\t\t\t\t<dd class='wp-caption-text gallery-caption' id='gallery-1-62'>\n\t\t\t\tBerenson Statue\n\t\t\t\t<\/dd><\/dl><br style=\"clear: both\" \/>\n\t\t<\/div>\n<\/div>\n<\/div>\n<\/div>\n<!-- \/row --><\/div>\n<!-- \/container --><\/div>\n<div class=\"row panel hero bg3\"><!-- hotelBG -->\n<div class=\"container\">\n<div class=\"shadePanel text-center wow zoomIn\">\n<p class=\"text-center\"><quote class=\"c1\">\n\u201cShould you have the pleasure of working with Elizabeth and Don, I believe you find, as we did, that they are enthusiastic, creative and responsive. We all found it a pleasure to work with competent, trustworthy craftspeople who could meet timelines and work well with City staff.\u201d\n<\/quote><\/p>\n<b>Ken Alsman<\/b>\n<p class=\"small\">\nDirecteur du d\u00e9veloppement \u00e9conomique, Ville de Mountain View, Californie<\/p>\n<\/div>\n<\/div>\n<\/div>\n<\/div>\n<!-- \/row -->\n<div class=\"style1 row panel panel2 monument\">\n<div class=\"container\">\n<div class=\"row no-gutters pt-6 pb-6\">\n<div class=\"col-12 col-md-11 col-lg-8 ml-auto mr-auto mt-6 mb-6\">\n<div class=\"row\">\n<h1 class=\"mr-auto text-center ml-auto mb-2\">Entrez en contact avec MacQueen Fine Art<\/h1>\n<p class=\"text-center\">Si vous avez un projet artistique unique ou un site sp\u00e9cial pour lequel vous souhaitez explorer la commande d\u2019une sculpture, mon \u00e9quipe et moi vous contacterons pour en discuter dans les 48 heures, o\u00f9 que vous soyez dans le monde.<\/p>\n\n<div id=\"contactBtn\" class=\"ml-auto mr-auto\">\n                <a href=\"#footer\" class=\"btn btn-white c1 scrollTrigger\">Entrez en contact avec nous<\/a><\/div>\n<\/div>\n<\/div>\n<\/div>\n<!-- \/row -->\n\n<\/div>\n<!-- \/row --><\/div>\n<\/div>\n<!-- \/row -->\n\n<\/div>\n<\/div>","protected":false},"excerpt":{"rendered":"Believe in the transformative power of&nbsp;beautiful&nbsp;spaces. SCROLL &nbsp; &nbsp;DOWN &nbsp; Commission Sculptures and Three Dimensional&nbsp;Artwork Artwork plays an integral role in the overall vibe, business brand, and visitor\u2019s experience of any structure. We can translate figurative brand guidelines into concrete design specifications that gracefully compliment the space. We strive to create sculptures and three dimensional&#8230; <a class=\"view-article\" href=\"https:\/\/www.macqueenfineart.com\/fr\/commission-corporate-art-sculptures\/\">View Article<\/a>","protected":false},"author":1,"featured_media":0,"parent":0,"menu_order":0,"comment_status":"closed","ping_status":"closed","template":"frontpage.php","meta":{"_acf_changed":false,"footnotes":""},"class_list":["post-516","page","type-page","status-publish","hentry"],"acf":[],"_links":{"self":[{"href":"https:\/\/www.macqueenfineart.com\/fr\/wp-json\/wp\/v2\/pages\/516","targetHints":{"allow":["GET"]}}],"collection":[{"href":"https:\/\/www.macqueenfineart.com\/fr\/wp-json\/wp\/v2\/pages"}],"about":[{"href":"https:\/\/www.macqueenfineart.com\/fr\/wp-json\/wp\/v2\/types\/page"}],"author":[{"embeddable":true,"href":"https:\/\/www.macqueenfineart.com\/fr\/wp-json\/wp\/v2\/users\/1"}],"replies":[{"embeddable":true,"href":"https:\/\/www.macqueenfineart.com\/fr\/wp-json\/wp\/v2\/comments?post=516"}],"version-history":[{"count":20,"href":"https:\/\/www.macqueenfineart.com\/fr\/wp-json\/wp\/v2\/pages\/516\/revisions"}],"predecessor-version":[{"id":1408,"href":"https:\/\/www.macqueenfineart.com\/fr\/wp-json\/wp\/v2\/pages\/516\/revisions\/1408"}],"wp:attachment":[{"href":"https:\/\/www.macqueenfineart.com\/fr\/wp-json\/wp\/v2\/media?parent=516"}],"curies":[{"name":"wp","href":"https:\/\/api.w.org\/{rel}","templated":true}]}}