{"id":489,"date":"2019-03-24T23:19:26","date_gmt":"2019-03-24T23:19:26","guid":{"rendered":"https:\/\/18.236.192.208\/?page_id=489"},"modified":"2024-02-12T17:53:02","modified_gmt":"2024-02-12T17:53:02","slug":"commision-art-for-hotels-new-construction","status":"publish","type":"page","link":"https:\/\/www.macqueenfineart.com\/fr\/commision-art-for-hotels-new-construction\/","title":{"rendered":"ART FOR HOTELS &#038; NEW CONSTRUCTION"},"content":{"rendered":"<div class=\"row quotePanel mid\">\n  <div class=\"text-center pt-6 pb-6 pr-md-5 col-md-10 col-lg-8 pl-md-5 mr-auto ml-auto\"><img decoding=\"async\" class=\"mt-0 mb-4 text-center\" src=\"\/media\/loading.gif\"><br>\n      <h4 class=\"c1 mb-0 mt-0\">It takes an experienced artist to make a work of art exist effortlessly within a unique space. It takes an even more seasoned artist to design three dimensional art for a building during the early design&nbsp;phase.\n     <\/h4>\n  <\/div>\n<\/div>\n\n<div class=\"row panel hero heroHotel fullScreen\">\n<div id=\"scrollDown\"><a href=\"#slide1\" class=\"scrollDown c8 scrollTrigger tdrops wow flash\" data-wow-duration=\"4s\" data-wow-delay=\"7s\"  data-wow-iteration=\"2\">SCROLL &nbsp;<i class=\"fas fa-chevron-circle-down tdrops\"><\/i> &nbsp;DOWN<\/a><\/div>\n\n   <div class=\"container\">\n    <div class=\"col-12 col-md-11 mr-auto ml-auto\">\n     &nbsp;\n     <\/div>\n   <\/div>\n\n<\/div>\n\n<div id=\"slide1\" class=\"style1 row panel panel2 monument\">\n   <div class=\"container\">\n    <div class=\"row no-gutters pt-5 pb-5\">\n     <div class=\"col-12 col-sm-10 col-md-9 ml-auto mr-auto\">\n     \n\n <div class=\"row wow fadeInUp\">\n        <h1 class=\"text-center mr-auto ml-auto mt-0 mb-2\">Commandez des \u0153uvres d\u2019art pour vous projets de construction<\/h2>\n        <p class=\"text-center pl-md-4 pr-md-4\">\nMontrez-nous vos plans ! La s\u00e9lection et le placement de l\u2019art enrichissent et d\u00e9finissent un espace. Nous pouvons travailler \u00e0 partir de plans architecturaux, de fichiers 3D et de visites guid\u00e9es sur site et les traduire en sp\u00e9cifications de conception pour une sculpture ou une \u0153uvre d\u2019art qui compl\u00e8te parfaitement le d\u00e9cor. MacQueen Fine Art cr\u00e9e souvent un objet d\u2019int\u00e9r\u00eat central qui non seulement agit comme un point d\u2019ancrage visuel pour l\u2019espace, mais raconte \u00e9galement l\u2019histoire du lieu ou de l\u2019entreprise.<\/p>\n      <div id=\"contactBtn\" class=\"ml-auto mr-auto\">\n             <a href=\"#footer\" class=\"btn text-center btn-white c1 scrollTrigger\">Entrez en contact avec nous<\/a>\n     <\/div>\n     <\/div>\n\n\n<div class=\"row pt-6 wow fadeInUp\">\n    \n\t\t<style type=\"text\/css\">\n\t\t\t#gallery-1 {\n\t\t\t\tmargin: auto;\n\t\t\t}\n\t\t\t#gallery-1 .gallery-item {\n\t\t\t\tfloat: left;\n\t\t\t\tmargin-top: 10px;\n\t\t\t\ttext-align: center;\n\t\t\t\twidth: 33%;\n\t\t\t}\n\t\t\t#gallery-1 img {\n\t\t\t\tborder: 2px solid #cfcfcf;\n\t\t\t}\n\t\t\t#gallery-1 .gallery-caption {\n\t\t\t\tmargin-left: 0;\n\t\t\t}\n\t\t\t\/* see gallery_shortcode() in wp-includes\/media.php *\/\n\t\t<\/style>\n\t\t<div id='gallery-1' class='gallery galleryid-489 gallery-columns-3 gallery-size-thumbnail'><dl class='gallery-item'>\n\t\t\t<dt class='gallery-icon landscape'>\n\t\t\t\t<a href='https:\/\/www.macqueenfineart.com\/wp-content\/uploads\/2019\/03\/embassySuitesConstruction.jpg' title=\"Working from blueprints and site visits, MacQueen developed a vision for the mosaic early in the construction process.\" data-rl_title=\"Working from blueprints and site visits, MacQueen developed a vision for the mosaic early in the construction process.\" class=\"rl-gallery-link\" data-rl_caption=\"\" data-rel=\"lightbox-gallery-1\"><img loading=\"lazy\" decoding=\"async\" width=\"225\" height=\"225\" src=\"https:\/\/www.macqueenfineart.com\/wp-content\/uploads\/2019\/03\/embassySuitesConstruction-225x225.jpg\" class=\"attachment-thumbnail size-thumbnail\" alt=\"Planning began during hotel construction.\" aria-describedby=\"gallery-1-348\" srcset=\"https:\/\/www.macqueenfineart.com\/wp-content\/uploads\/2019\/03\/embassySuitesConstruction-225x225.jpg 225w, https:\/\/www.macqueenfineart.com\/wp-content\/uploads\/2019\/03\/embassySuitesConstruction-290x290.jpg 290w, https:\/\/www.macqueenfineart.com\/wp-content\/uploads\/2019\/03\/embassySuitesConstruction-768x768.jpg 768w, https:\/\/www.macqueenfineart.com\/wp-content\/uploads\/2019\/03\/embassySuitesConstruction-700x700.jpg 700w, https:\/\/www.macqueenfineart.com\/wp-content\/uploads\/2019\/03\/embassySuitesConstruction-120x120.jpg 120w, https:\/\/www.macqueenfineart.com\/wp-content\/uploads\/2019\/03\/embassySuitesConstruction-250x250.jpg 250w, https:\/\/www.macqueenfineart.com\/wp-content\/uploads\/2019\/03\/embassySuitesConstruction.jpg 1224w\" sizes=\"auto, (max-width: 225px) 100vw, 225px\" \/><\/a>\n\t\t\t<\/dt>\n\t\t\t\t<dd class='wp-caption-text gallery-caption' id='gallery-1-348'>\n\t\t\t\tPlanning began during hotel construction.\n\t\t\t\t<\/dd><\/dl><dl class='gallery-item'>\n\t\t\t<dt class='gallery-icon landscape'>\n\t\t\t\t<a href='https:\/\/www.macqueenfineart.com\/wp-content\/uploads\/2019\/03\/process7.jpg' title=\"\" data-rl_title=\"\" class=\"rl-gallery-link\" data-rl_caption=\"\" data-rel=\"lightbox-gallery-1\"><img loading=\"lazy\" decoding=\"async\" width=\"225\" height=\"225\" src=\"https:\/\/www.macqueenfineart.com\/wp-content\/uploads\/2019\/03\/process7-225x225.jpg\" class=\"attachment-thumbnail size-thumbnail\" alt=\"\" srcset=\"https:\/\/www.macqueenfineart.com\/wp-content\/uploads\/2019\/03\/process7-225x225.jpg 225w, https:\/\/www.macqueenfineart.com\/wp-content\/uploads\/2019\/03\/process7-290x290.jpg 290w, https:\/\/www.macqueenfineart.com\/wp-content\/uploads\/2019\/03\/process7-768x768.jpg 768w, https:\/\/www.macqueenfineart.com\/wp-content\/uploads\/2019\/03\/process7-700x700.jpg 700w, https:\/\/www.macqueenfineart.com\/wp-content\/uploads\/2019\/03\/process7-120x120.jpg 120w, https:\/\/www.macqueenfineart.com\/wp-content\/uploads\/2019\/03\/process7-250x250.jpg 250w, https:\/\/www.macqueenfineart.com\/wp-content\/uploads\/2019\/03\/process7.jpg 1240w\" sizes=\"auto, (max-width: 225px) 100vw, 225px\" \/><\/a>\n\t\t\t<\/dt><\/dl><dl class='gallery-item'>\n\t\t\t<dt class='gallery-icon landscape'>\n\t\t\t\t<a href='https:\/\/www.macqueenfineart.com\/wp-content\/uploads\/2019\/03\/finalOctopusArt-scaled.jpg' title=\"Spiridoula the Octopus\" data-rl_title=\"Spiridoula the Octopus\" class=\"rl-gallery-link\" data-rl_caption=\"When Hilton\u2019s new waterfront hotel needed a central focal point, Elizabeth MacQueen sought to embrace the marine culture with an extraordinary symbol, the octopus. The final development was carried out in Merrimack, New Hampshire then the finished components were shipped to Sarasota. Due to its massive size and weight, Spiridoula was installed with the help of an industrial crane. The five paneled octopus is 25 feet long, 15 feet high, and 5 inches in width. Over 350 square feet of individual glass shards were meticulously placed. The pool in front of it spans the entire length and is 7 feet wide giving visitors a place sit and relax.\" data-rel=\"lightbox-gallery-1\"><img loading=\"lazy\" decoding=\"async\" width=\"225\" height=\"225\" src=\"https:\/\/www.macqueenfineart.com\/wp-content\/uploads\/2019\/03\/finalOctopusArt-225x225.jpg\" class=\"attachment-thumbnail size-thumbnail\" alt=\"Spiridoula the Octopus\" aria-describedby=\"gallery-1-386\" srcset=\"https:\/\/www.macqueenfineart.com\/wp-content\/uploads\/2019\/03\/finalOctopusArt-225x225.jpg 225w, https:\/\/www.macqueenfineart.com\/wp-content\/uploads\/2019\/03\/finalOctopusArt-500x500.jpg 500w\" sizes=\"auto, (max-width: 225px) 100vw, 225px\" \/><\/a>\n\t\t\t<\/dt>\n\t\t\t\t<dd class='wp-caption-text gallery-caption' id='gallery-1-386'>\n\t\t\t\tSpiridoula\n\t\t\t\t<\/dd><\/dl><br style=\"clear: both\" \/><dl class='gallery-item'>\n\t\t\t<dt class='gallery-icon landscape'>\n\t\t\t\t<a href='https:\/\/www.macqueenfineart.com\/wp-content\/uploads\/2017\/08\/mudra.jpg' title=\"The Mudra\" data-rl_title=\"The Mudra\" class=\"rl-gallery-link\" data-rl_caption=\"\" data-rel=\"lightbox-gallery-1\"><img loading=\"lazy\" decoding=\"async\" width=\"225\" height=\"225\" src=\"https:\/\/www.macqueenfineart.com\/wp-content\/uploads\/2017\/08\/mudra-225x225.jpg\" class=\"attachment-thumbnail size-thumbnail\" alt=\"The Mudra\" aria-describedby=\"gallery-1-86\" srcset=\"https:\/\/www.macqueenfineart.com\/wp-content\/uploads\/2017\/08\/mudra-225x225.jpg 225w, https:\/\/www.macqueenfineart.com\/wp-content\/uploads\/2017\/08\/mudra-290x290.jpg 290w, https:\/\/www.macqueenfineart.com\/wp-content\/uploads\/2017\/08\/mudra-768x768.jpg 768w, https:\/\/www.macqueenfineart.com\/wp-content\/uploads\/2017\/08\/mudra-700x700.jpg 700w, https:\/\/www.macqueenfineart.com\/wp-content\/uploads\/2017\/08\/mudra-120x120.jpg 120w, https:\/\/www.macqueenfineart.com\/wp-content\/uploads\/2017\/08\/mudra-250x250.jpg 250w, https:\/\/www.macqueenfineart.com\/wp-content\/uploads\/2017\/08\/mudra-500x500.jpg 500w, https:\/\/www.macqueenfineart.com\/wp-content\/uploads\/2017\/08\/mudra.jpg 900w\" sizes=\"auto, (max-width: 225px) 100vw, 225px\" \/><\/a>\n\t\t\t<\/dt>\n\t\t\t\t<dd class='wp-caption-text gallery-caption' id='gallery-1-86'>\n\t\t\t\tThe Mudra\n\t\t\t\t<\/dd><\/dl><dl class='gallery-item'>\n\t\t\t<dt class='gallery-icon portrait'>\n\t\t\t\t<a href='https:\/\/www.macqueenfineart.com\/wp-content\/uploads\/2017\/08\/ibis_dexter_ave_2.jpg' title=\"Ibis\" data-rl_title=\"Ibis\" class=\"rl-gallery-link\" data-rl_caption=\"Special thanks to our model and talented dancer Margie Gillis\" data-rel=\"lightbox-gallery-1\"><img loading=\"lazy\" decoding=\"async\" width=\"225\" height=\"225\" src=\"https:\/\/www.macqueenfineart.com\/wp-content\/uploads\/2017\/08\/ibis_dexter_ave_2-225x225.jpg\" class=\"attachment-thumbnail size-thumbnail\" alt=\"Ibis\" aria-describedby=\"gallery-1-77\" srcset=\"https:\/\/www.macqueenfineart.com\/wp-content\/uploads\/2017\/08\/ibis_dexter_ave_2-225x225.jpg 225w, https:\/\/www.macqueenfineart.com\/wp-content\/uploads\/2017\/08\/ibis_dexter_ave_2-500x500.jpg 500w\" sizes=\"auto, (max-width: 225px) 100vw, 225px\" \/><\/a>\n\t\t\t<\/dt>\n\t\t\t\t<dd class='wp-caption-text gallery-caption' id='gallery-1-77'>\n\t\t\t\tIbis\n\t\t\t\t<\/dd><\/dl>\n\t\t\t<br style='clear: both' \/>\n\t\t<\/div>\n\n<\/div>\n\n   <\/div>\n<\/div><!-- \/row -->\n<\/div><!-- \/container -->\n  <\/div> \n\n<div class=\"row panel hero hotelBG\">\n   <div class=\"container\">\n     <div class=\"shadePanel text-center wow zoomIn\">\n   <quote class=\"c1 wide block\">\n\u00ab J\u2019ai \u00e9t\u00e9 \u00e9merveill\u00e9e par la puissance, la passion et le d\u00e9vouement \u00e0 d\u00e9finir ses images int\u00e9rieures. Elle cr\u00e9e des \u0153uvres d\u2019une grande beaut\u00e9 qui r\u00e9v\u00e8lent l\u2019aspiration humaine et sont accessibles \u00e0 tous. Son attention aux d\u00e9tails et au mouvement, issue de son exp\u00e9rience professionnelle en tant que danseuse internationale, chor\u00e9graphe, enseignante, conf\u00e9renci\u00e8re et directrice artistique, est d\u00e9finie et claire dans toutes ses sculptures. L\u2019 \u00ab IBIS \u00bb a \u00e9t\u00e9 expos\u00e9e internationalement et est un t\u00e9moignage durable de la beaut\u00e9 rayonnante et de la force de son travail. \u00bb\n\n<\/quote><b>Margie Gillis, C.M., C.Q.<\/b><p class=\"small\">\nFondatrice, Compagnie de danse Margie Gillis, Montr\u00e9al, Qu\u00e9bec, Canada<\/p>\n\n     <\/div>\n   <\/div>\n   \n<\/div>\n<\/div><!-- \/row -->\n\n\n\n\n<div class=\"style1 row panel panel2 monument\">\n   <div class=\"container\">\n    <div class=\"row no-gutters pt-6 pb-6\">\n     \n<div class=\"col-12 col-md-11 col-lg-8 ml-auto mr-auto mt-6 mb-6\">\n      <div class=\"row\">\n        <h1 class=\"mr-auto text-center ml-auto mb-2\">Entrez en contact avec MacQueen Fine Art<\/h1>\n        <p class=\"text-center\">Si vous avez un projet artistique unique ou un site sp\u00e9cial pour lequel vous souhaitez explorer la commande d\u2019une sculpture, mon \u00e9quipe et moi vous contacterons pour en discuter dans les 48 heures, o\u00f9 que vous soyez dans le monde.\n        <\/p>\n                <div id=\"contactBtn\" class=\"ml-auto mr-auto\">\n                <a href=\"#footer\" class=\"btn btn-white c1 scrollTrigger\">Entrez en contact avec nous<\/a>\n                <\/div>\n     <\/div>\n<\/div>\n\n<\/div><!-- \/row -->\n<\/div><!-- \/row -->\n   <\/div>\n<\/div><!-- \/row -->\n\n\n\n\n\n\n\n\n\n  <\/div>\n<\/div>","protected":false},"excerpt":{"rendered":"It takes an experienced artist to make a work of art exist effortlessly within a unique space. It takes an even more seasoned artist to design three dimensional art for a building during the early design&nbsp;phase. SCROLL &nbsp; &nbsp;DOWN &nbsp; Commission Artwork for New Construction&nbsp;Projects Bring us your blueprints! The selection and placement of art&#8230; <a class=\"view-article\" href=\"https:\/\/www.macqueenfineart.com\/fr\/commision-art-for-hotels-new-construction\/\">View Article<\/a>","protected":false},"author":1,"featured_media":0,"parent":0,"menu_order":0,"comment_status":"closed","ping_status":"closed","template":"frontpage.php","meta":{"_acf_changed":false,"footnotes":""},"class_list":["post-489","page","type-page","status-publish","hentry"],"acf":[],"_links":{"self":[{"href":"https:\/\/www.macqueenfineart.com\/fr\/wp-json\/wp\/v2\/pages\/489","targetHints":{"allow":["GET"]}}],"collection":[{"href":"https:\/\/www.macqueenfineart.com\/fr\/wp-json\/wp\/v2\/pages"}],"about":[{"href":"https:\/\/www.macqueenfineart.com\/fr\/wp-json\/wp\/v2\/types\/page"}],"author":[{"embeddable":true,"href":"https:\/\/www.macqueenfineart.com\/fr\/wp-json\/wp\/v2\/users\/1"}],"replies":[{"embeddable":true,"href":"https:\/\/www.macqueenfineart.com\/fr\/wp-json\/wp\/v2\/comments?post=489"}],"version-history":[{"count":43,"href":"https:\/\/www.macqueenfineart.com\/fr\/wp-json\/wp\/v2\/pages\/489\/revisions"}],"predecessor-version":[{"id":1699,"href":"https:\/\/www.macqueenfineart.com\/fr\/wp-json\/wp\/v2\/pages\/489\/revisions\/1699"}],"wp:attachment":[{"href":"https:\/\/www.macqueenfineart.com\/fr\/wp-json\/wp\/v2\/media?parent=489"}],"curies":[{"name":"wp","href":"https:\/\/api.w.org\/{rel}","templated":true}]}}