{"id":35,"date":"2017-08-19T00:10:07","date_gmt":"2017-08-19T00:10:07","guid":{"rendered":"http:\/\/35.162.6.177\/?page_id=35"},"modified":"2024-01-15T21:00:26","modified_gmt":"2024-01-15T21:00:26","slug":"sculpture-design-awards","status":"publish","type":"page","link":"https:\/\/www.macqueenfineart.com\/fr\/sculpture-design-awards\/","title":{"rendered":"PRIX DE SCULPTURE ET DE DESIGN"},"content":{"rendered":"<div class=\"row quotePanel\">\n<div class=\"text-center pb-6 pr-md-5 col-md-10 col-lg-8 pl-md-5 mr-auto ml-auto\"><img decoding=\"async\" class=\"mt-0 mb-4 text-center\" src=\"\/media\/loading.gif\">\n<h4 class=\"c1 mb-0 mt-0\">PRIX DE SCULPTURE ET DE DESIGN<\/h4>\n<\/div>\n<\/div>\n<div class=\"row no-gutters\">\n<div class=\"col-md-8 pr-md-4\">\n<ul>\n \t<li>Produit par CBS, ce documentaire prim\u00e9 aux Emmy Awards de 2014 (30 minutes) est consacr\u00e9 \u00e0 la sculpture de l'artiste Elizabeth MacQueen et \u00e0 son projet \u00ab Les Quatre Esprits \u00bb.<\/li>\n<\/br>\n \t<li>Prix Agop Agopoff Memorial 2011, 1er prix de la meilleure sculpture classique am\u00e9ricaine lors de la 78e exposition annuelle de la NSS pour \u00ab Pers\u00e9phone \u00bb, aux jardins de Brookgreen.<\/li>\n<\/br>\n \t<li>Magazine \u00ab Navigator \u00bb de RAND CORPORATION, couverture, juin 2001, \u00ab Ibis \u00bb.<\/li>\n<\/br>\n \t<li>Capsule temporelle, 2100, San Luis Obispo, Californie.<\/li>\n<\/br>\n \t<li>Laur\u00e9ate du concours international pour le monument du Temple de la renomm\u00e9e du basketball f\u00e9minin. Knoxville, Tennessee. \u00ab Pass\u00e9, pr\u00e9sent et futur \u00bb, un monument de 10,4 m\u00e8tres repr\u00e9sentant trois figures pour la rotonde c\u00e9l\u00e9brant les femmes dans le basketball.<\/li>\n<\/br>\n \t<li>\n1er prix de sculpture 1999, \u00ab Pers\u00e9phone \u00bb, California Arts Club, Pasadena, Californie.<\/li>\n<\/br>\n \t<li>\nMeilleure sculpture 1999, Bennington Center for the Arts.<\/li>\n<\/br>\n \t<li>\nMeilleure sculpture 1997, Clymer Museum, Washington.<\/li>\n<\/br>\n \t<li>\nMus\u00e9e de Durango, \u00ab Mudra \u00bb et \u00ab Puck \u00bb, 1998, Durango.<\/li>\n<\/br>\n \t<li>\nMeilleure \u0153uvre de l\u2019exposition 1997, Las Vegas Exposition d\u2019\u0153uvres d\u2019art.<\/li>\n<\/br><\/ul>\n<\/div>\n<div class=\"col-md-4 pl-md-4 wow slideInRight\">\n\n\t\t<style type=\"text\/css\">\n\t\t\t#gallery-1 {\n\t\t\t\tmargin: auto;\n\t\t\t}\n\t\t\t#gallery-1 .gallery-item {\n\t\t\t\tfloat: left;\n\t\t\t\tmargin-top: 10px;\n\t\t\t\ttext-align: center;\n\t\t\t\twidth: 100%;\n\t\t\t}\n\t\t\t#gallery-1 img {\n\t\t\t\tborder: 2px solid #cfcfcf;\n\t\t\t}\n\t\t\t#gallery-1 .gallery-caption {\n\t\t\t\tmargin-left: 0;\n\t\t\t}\n\t\t\t\/* see gallery_shortcode() in wp-includes\/media.php *\/\n\t\t<\/style>\n\t\t<div id='gallery-1' class='gallery galleryid-35 gallery-columns-1 gallery-size-large'><dl class='gallery-item'>\n\t\t\t<dt class='gallery-icon landscape'>\n\t\t\t\t<a href='https:\/\/www.macqueenfineart.com\/wp-content\/uploads\/2017\/08\/emmyAcceptance.jpg' title=\"Emmy Awards Acceptance Photo\" data-rl_title=\"Emmy Awards Acceptance Photo\" class=\"rl-gallery-link\" data-rl_caption=\"\" data-rel=\"lightbox-gallery-1\"><img loading=\"lazy\" decoding=\"async\" width=\"700\" height=\"466\" src=\"https:\/\/www.macqueenfineart.com\/wp-content\/uploads\/2017\/08\/emmyAcceptance-700x466.jpg\" class=\"attachment-large size-large\" alt=\"\" aria-describedby=\"gallery-1-210\" srcset=\"https:\/\/www.macqueenfineart.com\/wp-content\/uploads\/2017\/08\/emmyAcceptance-700x466.jpg 700w, https:\/\/www.macqueenfineart.com\/wp-content\/uploads\/2017\/08\/emmyAcceptance-290x193.jpg 290w, https:\/\/www.macqueenfineart.com\/wp-content\/uploads\/2017\/08\/emmyAcceptance-768x512.jpg 768w, https:\/\/www.macqueenfineart.com\/wp-content\/uploads\/2017\/08\/emmyAcceptance-120x80.jpg 120w, https:\/\/www.macqueenfineart.com\/wp-content\/uploads\/2017\/08\/emmyAcceptance-250x167.jpg 250w, https:\/\/www.macqueenfineart.com\/wp-content\/uploads\/2017\/08\/emmyAcceptance.jpg 1024w\" sizes=\"auto, (max-width: 700px) 100vw, 700px\" \/><\/a>\n\t\t\t<\/dt>\n\t\t\t\t<dd class='wp-caption-text gallery-caption' id='gallery-1-210'>\n\t\t\t\tEmmy Awards Acceptance Photo\n\t\t\t\t<\/dd><\/dl><br style=\"clear: both\" \/>\n\t\t<\/div>\n<\/div>\n<\/div>\n<!-- \/row -->","protected":false},"excerpt":{"rendered":"Sculpture &#038; Design Awards Emmy Award 2014, Produced by CBS 42, this Emmy Award Winning 30 minute documentary focuses on the sculpture by artist Elizabeth MacQueen and \u201cThe Four Spirits\u201d project. Agop Agopoff Memorial Prize 2011, 1st place for Best US Classical Sculpture at NSS\u2019s 78th Annual Exhibition for Persephone, at Brookgreen Gardens RAND CORPORATION\u2019S&#8230; <a class=\"view-article\" href=\"https:\/\/www.macqueenfineart.com\/fr\/sculpture-design-awards\/\">View Article<\/a>","protected":false},"author":1,"featured_media":0,"parent":0,"menu_order":0,"comment_status":"closed","ping_status":"closed","template":"page.php","meta":{"_acf_changed":false,"footnotes":""},"class_list":["post-35","page","type-page","status-publish","hentry"],"acf":[],"_links":{"self":[{"href":"https:\/\/www.macqueenfineart.com\/fr\/wp-json\/wp\/v2\/pages\/35","targetHints":{"allow":["GET"]}}],"collection":[{"href":"https:\/\/www.macqueenfineart.com\/fr\/wp-json\/wp\/v2\/pages"}],"about":[{"href":"https:\/\/www.macqueenfineart.com\/fr\/wp-json\/wp\/v2\/types\/page"}],"author":[{"embeddable":true,"href":"https:\/\/www.macqueenfineart.com\/fr\/wp-json\/wp\/v2\/users\/1"}],"replies":[{"embeddable":true,"href":"https:\/\/www.macqueenfineart.com\/fr\/wp-json\/wp\/v2\/comments?post=35"}],"version-history":[{"count":25,"href":"https:\/\/www.macqueenfineart.com\/fr\/wp-json\/wp\/v2\/pages\/35\/revisions"}],"predecessor-version":[{"id":1515,"href":"https:\/\/www.macqueenfineart.com\/fr\/wp-json\/wp\/v2\/pages\/35\/revisions\/1515"}],"wp:attachment":[{"href":"https:\/\/www.macqueenfineart.com\/fr\/wp-json\/wp\/v2\/media?parent=35"}],"curies":[{"name":"wp","href":"https:\/\/api.w.org\/{rel}","templated":true}]}}