{"id":25,"date":"2017-08-18T04:37:02","date_gmt":"2017-08-18T04:37:02","guid":{"rendered":"http:\/\/35.162.6.177\/?page_id=25"},"modified":"2024-02-12T19:48:46","modified_gmt":"2024-02-12T19:48:46","slug":"commission-a-sculpture","status":"publish","type":"page","link":"https:\/\/www.macqueenfineart.com\/fr\/commission-a-sculpture\/","title":{"rendered":"Contactez Elizabeth"},"content":{"rendered":"<div class=\"row quotePanel\">\n<div class=\"text-center pb-6 pr-md-5 col-md-10 col-lg-8 pl-md-5 mr-auto ml-auto\"><img decoding=\"async\" class=\"mt-0 mb-4 text-center\" src=\"\/media\/loading.gif\">\n<h4 class=\"c1 mb-0 mt-0\">Contact Elizabeth MacQueen<\/h4>\n<\/div>\n<\/div>\n<div class=\"row no-gutters\">\n<div class=\"col-md-6 pr-5 wow fadeInLeft pb-3\">\n\nJ\u2019ai h\u00e2te de lire les commentaires de celles et ceux qui sont int\u00e9ress\u00e9(e)s par la beaut\u00e9, la justice, et l\u2019environnement \u00e0 travers l\u2019art, la science, la compassion et l\u2019empathie. Si vous avez un projet artistique unique ou un site sp\u00e9cial pour lequel vous souhaitez avoir une sculpture, vous recevrez une r\u00e9ponse dans les 48 heures, peu importe o\u00f9 que vous soyez dans le monde.<\/br>\n<\/br>\nElizabeth\n\n<\/div>\n<div class=\"col-md-6 wow fadeInRight\">\n    \n<div class=\"wpcf7 no-js\" id=\"wpcf7-f230-o1\" lang=\"en-US\" dir=\"ltr\" data-wpcf7-id=\"230\">\n<div class=\"screen-reader-response\"><p role=\"status\" aria-live=\"polite\" aria-atomic=\"true\"><\/p> <ul><\/ul><\/div>\n<form action=\"\/fr\/wp-json\/wp\/v2\/pages\/25#wpcf7-f230-o1\" method=\"post\" class=\"wpcf7-form init form main-form\" id=\"contact-form-230\" aria-label=\"Contact form\" novalidate=\"novalidate\" data-status=\"init\" data-trp-original-action=\"\/fr\/wp-json\/wp\/v2\/pages\/25#wpcf7-f230-o1\">\n<fieldset class=\"hidden-fields-container\"><input type=\"hidden\" name=\"_wpcf7\" value=\"230\" \/><input type=\"hidden\" name=\"_wpcf7_version\" value=\"6.1.4\" \/><input type=\"hidden\" name=\"_wpcf7_locale\" value=\"en_US\" \/><input type=\"hidden\" name=\"_wpcf7_unit_tag\" value=\"wpcf7-f230-o1\" \/><input type=\"hidden\" name=\"_wpcf7_container_post\" value=\"0\" \/><input type=\"hidden\" name=\"_wpcf7_posted_data_hash\" value=\"\" \/>\n<\/fieldset>\n<p><span class=\"wpcf7-form-control-wrap\" data-name=\"first-name\"><input size=\"40\" maxlength=\"400\" class=\"wpcf7-form-control wpcf7-text wpcf7-validates-as-required\" aria-required=\"true\" aria-invalid=\"false\" placeholder=\"Nom*\" value=\"\" type=\"text\" name=\"first-name\" \/><\/span><br \/>\n<span class=\"wpcf7-form-control-wrap\" data-name=\"your-phone\"><input size=\"40\" maxlength=\"400\" class=\"wpcf7-form-control wpcf7-text wpcf7-validates-as-required\" aria-required=\"true\" aria-invalid=\"false\" placeholder=\"T\u00e9l\u00e9phone*\" value=\"\" type=\"text\" name=\"your-phone\" \/><\/span><br \/>\n<span class=\"wpcf7-form-control-wrap\" data-name=\"your-email\"><input size=\"40\" maxlength=\"400\" class=\"wpcf7-form-control wpcf7-email wpcf7-validates-as-required wpcf7-text wpcf7-validates-as-email\" aria-required=\"true\" aria-invalid=\"false\" placeholder=\"Addresse email*\" value=\"\" type=\"email\" name=\"your-email\" \/><\/span><br \/>\n<span class=\"wpcf7-form-control-wrap\" data-name=\"your-message\"><textarea cols=\"40\" rows=\"10\" maxlength=\"2000\" class=\"wpcf7-form-control wpcf7-textarea\" aria-invalid=\"false\" placeholder=\"D\u00e9tails\" name=\"your-message\"><\/textarea><\/span><br \/>\n<input class=\"wpcf7-form-control wpcf7-submit has-spinner\" type=\"submit\" value=\"ENVOYEZ\" \/>\n<\/p><p style=\"display: none !important;\" class=\"akismet-fields-container\" data-prefix=\"_wpcf7_ak_\"><label>&#916;<textarea name=\"_wpcf7_ak_hp_textarea\" cols=\"45\" rows=\"8\" maxlength=\"100\"><\/textarea><\/label><input type=\"hidden\" id=\"ak_js_1\" name=\"_wpcf7_ak_js\" value=\"172\"\/><script>document.getElementById( \"ak_js_1\" ).setAttribute( \"value\", ( new Date() ).getTime() );<\/script><\/p><div class=\"wpcf7-response-output\" aria-hidden=\"true\"><\/div>\n<input type=\"hidden\" name=\"trp-form-language\" value=\"fr\"\/><\/form>\n<\/div>\n<\/div>\n<\/div>","protected":false},"excerpt":{"rendered":"Contact Elizabeth MacQueen I look forward to hearing from all who are interested in beauty, justice and making our planet a better environment through art, science, compassion and empathy. If you have a unique art project or special site for which you wish to explore commissioning a sculpture, my team and I will reach out&#8230; <a class=\"view-article\" href=\"https:\/\/www.macqueenfineart.com\/fr\/commission-a-sculpture\/\">View Article<\/a>","protected":false},"author":1,"featured_media":0,"parent":0,"menu_order":0,"comment_status":"closed","ping_status":"closed","template":"page.php","meta":{"_acf_changed":false,"footnotes":""},"class_list":["post-25","page","type-page","status-publish","hentry"],"acf":[],"_links":{"self":[{"href":"https:\/\/www.macqueenfineart.com\/fr\/wp-json\/wp\/v2\/pages\/25","targetHints":{"allow":["GET"]}}],"collection":[{"href":"https:\/\/www.macqueenfineart.com\/fr\/wp-json\/wp\/v2\/pages"}],"about":[{"href":"https:\/\/www.macqueenfineart.com\/fr\/wp-json\/wp\/v2\/types\/page"}],"author":[{"embeddable":true,"href":"https:\/\/www.macqueenfineart.com\/fr\/wp-json\/wp\/v2\/users\/1"}],"replies":[{"embeddable":true,"href":"https:\/\/www.macqueenfineart.com\/fr\/wp-json\/wp\/v2\/comments?post=25"}],"version-history":[{"count":29,"href":"https:\/\/www.macqueenfineart.com\/fr\/wp-json\/wp\/v2\/pages\/25\/revisions"}],"predecessor-version":[{"id":1727,"href":"https:\/\/www.macqueenfineart.com\/fr\/wp-json\/wp\/v2\/pages\/25\/revisions\/1727"}],"wp:attachment":[{"href":"https:\/\/www.macqueenfineart.com\/fr\/wp-json\/wp\/v2\/media?parent=25"}],"curies":[{"name":"wp","href":"https:\/\/api.w.org\/{rel}","templated":true}]}}