{"id":1128,"date":"2023-11-09T20:59:19","date_gmt":"2023-11-09T20:59:19","guid":{"rendered":"https:\/\/www.macqueenfineart.com\/?page_id=1128"},"modified":"2024-02-13T03:21:08","modified_gmt":"2024-02-13T03:21:08","slug":"elizabeth-macqueen-merchandise","status":"publish","type":"page","link":"https:\/\/www.macqueenfineart.com\/fr\/elizabeth-macqueen-merchandise\/","title":{"rendered":"MARCHANDISE ELIZABETH MACQUEEN"},"content":{"rendered":"<div class=\"row quotePanel mid\">\n<div class=\"text-center pt-6 pb-6 pr-md-5 col-md-10 col-lg-8 pl-md-5 mr-auto ml-auto\"><img decoding=\"async\" class=\"mt-0 mb-4 text-center\" src=\"\/media\/loading.gif\">\n<h4 class=\"c1 mb-0 mt-0\">MARCHANDISE ELIZABETH MACQUEEN<\/h4>\n<\/div>\n<\/div>\n<div class=\"row no-gutters panel4 pb-6\">\n<div class=\"container\">\n<div class=\"row\">\n<div class=\"col-md-10 col-lg-9 pb-5 pr-md-4\">\n<h1>MARCHANDISE ELIZABETH MACQUEEN<\/h1>\n<h3>POSS\u00c9DEZ UNE \u0152UVRE D\u2019ART L\u00c9GENDAIRE<\/h3>\nNous acceptons un nombre limit\u00e9 de commandes d\u2019\u0153uvres d\u2019art r\u00e9alis\u00e9es \u00e0 la main par Elizabeth MacQueen. C\u2019est votre chance d\u2019ajouter un chef-d\u2019\u0153uvre intemporel fait \u00e0 la main \u00e0 votre collection.\n<h3>AFFICHER FI\u00c8REMENT VOTRE AMOUR DE LA MER<\/h3>\nElizabeth cr\u00e9e actuellement des \u00e9ditions limit\u00e9es de Spiridoula \u00ab The Octopus \u00bb. Ce sont des mosa\u00efques de verre de trois pieds de large par deux pieds de haut. Ces \u0153uvres d\u2019art color\u00e9es sont similaires \u00e0 la mosa\u00efque g\u00e9ante qu\u2019Elizabeth a install\u00e9e au Sarasota Embassy Suites Hilton. <a href=\"\/fr\/glass-mosaic-art-commission\/\">giant mosaic<\/a> Elizabeth installed at the Sarasota Embassy Suites Hilton.\n<img decoding=\"async\" class=\"fit my-4 wow fadeIn\" src=\"\/wp-content\/uploads\/customArt.jpg\">\nChoose to pay installments or in one lump sum below. <a href=\"\/fr\/commission-a-sculpture\/\">Contact us<\/a> Choisissez de payer en plusieurs paiements ou en un seul paiement ci-dessous. Entrez en contact avec nous pour prendre d\u2019autres dispositions. Les illustrations sont cr\u00e9\u00e9es sur demande et peuvent prendre six \u00e0 huit semaines pour \u00eatre exp\u00e9di\u00e9es.\n<div class=\"secureForm px-3 py-4 mt-5\">\n<div class=\"row pr-4 pr-md-5\">\n<h1 class=\"c7 my-0\">R\u00c9SERVEZ VOTRE MOSA\u00cfQUE SPIRIDOULA<\/h1>\n<\/div>\n<div class=\"row wide pb-3\">\n<p class=\"small mb-3\">Les \u0153uvres d\u2019art sont cr\u00e9\u00e9es selon le principe du premier arriv\u00e9, premier servi. Le prix comprend l\u2019encadrement et l\u2019exp\u00e9dition dans la zone continentale des \u00c9tats-Unis. En raison de la main-d\u2019\u0153uvre et des mat\u00e9riaux requis, nous n\u2019autoriserons aucun remboursement ou annulation une fois le d\u00e9veloppement commenc\u00e9. Nous n\u2019acceptons actuellement que les commandes provenant des \u00c9tats-Unis. Veuillez nous contacter pour commander depuis l\u2019ext\u00e9rieur des \u00c9tats-Unis.<\/p>\n\n<\/div>\n<div class=\"row pb-2\"><b class=\"\">PAYER EN DEUX VERSEMENTS<\/b>\n<p class=\"small mb-3 wide\">Les travaux d\u00e9buteront apr\u00e8s r\u00e9ception du 1er paiement non remboursable. Lorsque l\u2019article est pr\u00eat \u00e0 \u00eatre exp\u00e9di\u00e9, nous vous enverrons un e-mail ou un appel pour demander le paiement final.<\/p>\n<a href=\"https:\/\/buy.stripe.com\/4gw7vnaHNe4vbYIeUU\" class=\"btn btn-secondary pr-3\">$5,0000<p class=\"small c3\">1st Payment<\/p><\/a><a href=\"https:\/\/buy.stripe.com\/5kA2b34jp3pR6EodQR\" class=\"btn btn-secondary pr-3\">$5,0000<p class=\"small c3\">2nd Payment<\/p><\/a><\/div><div class=\"row\">\n<b class=\"my-3\">OR PAY ALL AT ONCE<\/b><\/div><div class=\"row pb-3\">\n<a href=\"https:\/\/buy.stripe.com\/3cscPH2bh4tV0g028a\" class=\"btn btn-secondary pr-3\">$10,0000<p class=\"small c3\">Pay in full<\/p><\/a><\/div>\n<div class=\"row bort pt-2 pt-lg-4\">\n<div class=\"col-lg-7 tight\">\n<div class=\"row wide\">\n<p class=\"small mb-2\">All major credit cards accepted.<\/p>\n\n<\/div>\n<div class=\"row mb-4 wide\"><img decoding=\"async\" class=\"\" style=\"width:236px; height:20px\" src=\"\/wp-content\/uploads\/cardssm.png\"><\/div>\n<\/div>\n<div class=\"col-lg-5 text-lg-right tight\"><img decoding=\"async\" class=\"ml-auto mt-3 mt-lg-0\" style=\"width: 128px;\" src=\"\/wp-content\/uploads\/stripe.png\"><\/div>\n<\/div>\n<\/div>\n<!-- \/form --><\/div>\n<div class=\"col-md-2 col-lg-3 mt-6 pt-md-5 testimonial\">\n&nbsp;<\/div>\n<\/div>\n<\/div>\n<\/div>","protected":false},"excerpt":{"rendered":"Elizabeth MacQueen Merchandise Elizabeth MacQueen Merchandise Own a legendary work of art We are accepting a limited number of orders for hand made artwork by Elizabeth MacQueen. This is your chance to add a timeless hand made masterpiece to your collection. Proudly Display Your Love Of The Sea Elizabeth is currently creating limited editions of&#8230; <a class=\"view-article\" href=\"https:\/\/www.macqueenfineart.com\/fr\/elizabeth-macqueen-merchandise\/\">View Article<\/a>","protected":false},"author":1,"featured_media":0,"parent":0,"menu_order":0,"comment_status":"closed","ping_status":"closed","template":"page-full.php","meta":{"_acf_changed":false,"footnotes":""},"class_list":["post-1128","page","type-page","status-publish","hentry"],"acf":[],"_links":{"self":[{"href":"https:\/\/www.macqueenfineart.com\/fr\/wp-json\/wp\/v2\/pages\/1128","targetHints":{"allow":["GET"]}}],"collection":[{"href":"https:\/\/www.macqueenfineart.com\/fr\/wp-json\/wp\/v2\/pages"}],"about":[{"href":"https:\/\/www.macqueenfineart.com\/fr\/wp-json\/wp\/v2\/types\/page"}],"author":[{"embeddable":true,"href":"https:\/\/www.macqueenfineart.com\/fr\/wp-json\/wp\/v2\/users\/1"}],"replies":[{"embeddable":true,"href":"https:\/\/www.macqueenfineart.com\/fr\/wp-json\/wp\/v2\/comments?post=1128"}],"version-history":[{"count":33,"href":"https:\/\/www.macqueenfineart.com\/fr\/wp-json\/wp\/v2\/pages\/1128\/revisions"}],"predecessor-version":[{"id":1740,"href":"https:\/\/www.macqueenfineart.com\/fr\/wp-json\/wp\/v2\/pages\/1128\/revisions\/1740"}],"wp:attachment":[{"href":"https:\/\/www.macqueenfineart.com\/fr\/wp-json\/wp\/v2\/media?parent=1128"}],"curies":[{"name":"wp","href":"https:\/\/api.w.org\/{rel}","templated":true}]}}